{"id":1210,"date":"2025-10-21T20:06:56","date_gmt":"2025-10-21T19:06:56","guid":{"rendered":"https:\/\/soytuexportmanager.com\/?page_id=1210"},"modified":"2025-10-28T12:35:24","modified_gmt":"2025-10-28T11:35:24","slug":"ce-que-nous-faisons","status":"publish","type":"page","link":"https:\/\/soytuexportmanager.com\/fr\/ce-que-nous-faisons\/","title":{"rendered":"Ce Que Nous Faisons"},"content":{"rendered":"<div class=\"wpb-content-wrapper\"><p>[vc_row][vc_column]<div class=\"cz_gap clr \" style=\"height: 100px\"><\/div>[\/vc_column][\/vc_row][vc_row][vc_column width=\u00a0\u00bb1\/2&Prime; css=\u00a0\u00bb.vc_custom_1761083142024{margin-top: 50px !important;}\u00a0\u00bb]<div class=\"cz_gap clr \" style=\"height: 50px\"><\/div><div id=\"cz_18975\" class=\"cz_18975 cz_title clr cz_title_pos_inline wpb_animate_when_almost_visible fadeInUp\"><div class=\"cz_title_content\"><div class=\"cz_wpe_content\"><p style=\"text-align: left;\">Ce Que Nous Faisons<\/p>\n<h3 style=\"text-align: left;\"><span style=\"color: #0067b2;\"><strong>Services complets de gestion des exportations internationales<\/strong><\/span><\/h3>\n<\/div><\/div><\/div>[vc_column_text css_animation=\u00a0\u00bbfadeInUp\u00a0\u00bb css=\u00a0\u00bb.vc_custom_1761647464935{margin-top: 50px !important;}\u00a0\u00bb]Nous transformons vos ambitions en mati\u00e8re d&rsquo;exportation en r\u00e9sultats tangibles gr\u00e2ce \u00e0 quatre lignes de services principales.[\/vc_column_text][\/vc_column][vc_column width=\u00a0\u00bb1\/2&Prime;][vc_single_image image=\u00a0\u00bb1166&Prime; img_size=\u00a0\u00bblarge\u00a0\u00bb alignment=\u00a0\u00bbcenter\u00a0\u00bb onclick=\u00a0\u00bbimg_link_large\u00a0\u00bb css=\u00a0\u00bb\u00a0\u00bb][\/vc_column][\/vc_row][vc_row][vc_column]<div class=\"cz_gap clr \" style=\"height: 100px\"><\/div><div id=\"cz_60642\" class=\"cz_60642 cz_title clr cz_title_pos_inline tac wpb_animate_when_almost_visible fadeInUp\"><div class=\"cz_title_content\"><div class=\"cz_wpe_content\"><h2 style=\"text-align: center;\"><span style=\"color: #0067b2;\">Lignes de services <\/span><\/h2>\n<\/div><\/div><\/div>[\/vc_column][\/vc_row][vc_row css=\u00a0\u00bb.vc_custom_1761126335209{margin-left: 50px !important;}\u00a0\u00bb][vc_column width=\u00a0\u00bb1\/6&Prime;][\/vc_column][vc_column width=\u00a0\u00bb2\/6&Prime;][vc_row_inner][vc_column_inner width=\u00a0\u00bb1\/4&Prime;][vc_single_image image=\u00a0\u00bb1168&Prime; css_animation=\u00a0\u00bbfadeIn\u00a0\u00bb css=\u00a0\u00bb\u00a0\u00bb][\/vc_column_inner][vc_column_inner width=\u00a0\u00bb3\/4&Prime;][vc_column_text css=\u00a0\u00bb\u00a0\u00bb]<\/p>\n<h3><span style=\"color: #0067b2;\">Gestion compl\u00e8te des exportations<\/span><\/h3>\n<p>[\/vc_column_text][\/vc_column_inner][\/vc_row_inner][vc_row_inner][vc_column_inner][vc_column_text css=\u00a0\u00bb\u00a0\u00bb]<strong>Votre d\u00e9partement international externe. <\/strong>Nous devenons votre \u00e9quipe de vente internationale et g\u00e9rons l&rsquo;ensemble du processus d&rsquo;exportation, de la prospection \u00e0 l&rsquo;encaissement.<\/p>\n<p><strong>Id\u00e9al pour <\/strong>les entreprises qui souhaitent obtenir des r\u00e9sultats imm\u00e9diats sans cr\u00e9er de structure interne.[\/vc_column_text][\/vc_column_inner][\/vc_row_inner][\/vc_column][vc_column width=\u00a0\u00bb2\/6&Prime;][vc_row_inner][vc_column_inner width=\u00a0\u00bb1\/4&Prime;][vc_single_image image=\u00a0\u00bb1168&Prime; css_animation=\u00a0\u00bbfadeIn\u00a0\u00bb css=\u00a0\u00bb\u00a0\u00bb][\/vc_column_inner][vc_column_inner width=\u00a0\u00bb3\/4&Prime;][vc_column_text css=\u00a0\u00bb\u00a0\u00bb]<\/p>\n<h3><span style=\"color: #0067b2;\">Intelligence \u00e9conomique<\/span><\/h3>\n<p>[\/vc_column_text][\/vc_column_inner][\/vc_row_inner][vc_row_inner][vc_column_text css=\u00a0\u00bb\u00a0\u00bb]<strong>De vraies informations pour des d\u00e9cisions intelligentes. <\/strong>Analyse approfondie de march\u00e9s sp\u00e9cifiques bas\u00e9e sur notre pr\u00e9sence r\u00e9elle sur le terrain, et non sur des statistiques de bureau.<\/p>\n<p><strong>Id\u00e9al pour<\/strong> les entreprises qui ont besoin de valider les opportunit\u00e9s avant d&rsquo;investir des ressources.<\/p>\n<p><span style=\"color: #0067b2;\"><strong>&nbsp;<\/strong><\/span>[\/vc_column_text][\/vc_row_inner][\/vc_column][vc_column width=\u00a0\u00bb1\/6&Prime;][\/vc_column][\/vc_row][vc_row css=\u00a0\u00bb.vc_custom_1761126335209{margin-left: 50px !important;}\u00a0\u00bb][vc_column width=\u00a0\u00bb1\/6&Prime;][\/vc_column][vc_column width=\u00a0\u00bb2\/6&Prime;][vc_row_inner][vc_column_inner width=\u00a0\u00bb1\/4&Prime;][vc_single_image image=\u00a0\u00bb1168&Prime; css_animation=\u00a0\u00bbfadeIn\u00a0\u00bb css=\u00a0\u00bb\u00a0\u00bb][\/vc_column_inner][vc_column_inner width=\u00a0\u00bb3\/4&Prime;][vc_column_text css=\u00a0\u00bb\u00a0\u00bb]<\/p>\n<h3><span style=\"color: #0067b2;\">Logistique et <em>conformit\u00e9<\/em><\/span><\/h3>\n<p>[\/vc_column_text][\/vc_column_inner][\/vc_row_inner][vc_row_inner][vc_column_inner][vc_column_text css=\u00a0\u00bb\u00a0\u00bb]<strong>Gestion compl\u00e8te des op\u00e9rations internationales. <\/strong>Nous nous occupons de tous les aspects techniques et r\u00e9glementaires afin que vous puissiez vous concentrer sur la vente.<\/p>\n<p><strong>Id\u00e9al pour <\/strong>les entreprises qui souhaitent d\u00e9l\u00e9guer enti\u00e8rement les op\u00e9rations logistiques.[\/vc_column_text][\/vc_column_inner][\/vc_row_inner][\/vc_column][vc_column width=\u00a0\u00bb2\/6&Prime;][vc_row_inner][vc_column_inner width=\u00a0\u00bb1\/4&Prime;][vc_single_image image=\u00a0\u00bb1168&Prime; css_animation=\u00a0\u00bbfadeIn\u00a0\u00bb css=\u00a0\u00bb\u00a0\u00bb][\/vc_column_inner][vc_column_inner width=\u00a0\u00bb3\/4&Prime;][vc_column_text css=\u00a0\u00bb.vc_custom_1761648133146{margin-bottom: 0px !important;}\u00a0\u00bb]<\/p>\n<h3><span style=\"color: #0067b2;\">Repr\u00e9sentation commerciale<\/span><\/h3>\n<p>[\/vc_column_text][\/vc_column_inner][\/vc_row_inner][vc_row_inner][vc_column_inner][vc_column_text css=\u00a0\u00bb\u00a0\u00bb]<strong>Votre visage visible sur les march\u00e9s internationaux. <\/strong>Nous agissons en tant que repr\u00e9sentant commercial local, visitant les clients, participant \u00e0 des foires commerciales et organisant des r\u00e9unions en votre nom.<\/p>\n<p><strong>Id\u00e9al pour <\/strong>les entreprises dont les produits ont une valeur \u00e9lev\u00e9e et qui ont besoin d&rsquo;une relation directe.[\/vc_column_text][\/vc_column_inner][\/vc_row_inner][vc_row_inner][\/vc_row_inner][\/vc_column][vc_column width=\u00a0\u00bb1\/6&Prime;][\/vc_column][\/vc_row][vc_row css=\u00a0\u00bb.vc_custom_1761126317474{margin-top: 50px !important;}\u00a0\u00bb][vc_column]<div class=\"cz_btn_center\"><div class=\"cz_76330_p clr wpb_animate_when_almost_visible none\"><a id=\"cz_76330\" class=\"cz_76330 cz_btn cz_btn_show_hidden_icon cz_btn_zoom_in cz_btn_icon_after\" href=\"https:\/\/soytuexportmanager.com\/contacto\/\" title=\"Contacto\" aria-label=\"Contacto\"><span><strong>Pour plus d\u2019informations, contactez-nous<\/strong><\/span><b class=\"cz_btn_onhover\"><strong>Pour plus d\u2019informations, contactez-nous<\/strong><\/b><\/a><\/div><\/div>[\/vc_column][\/vc_row]<\/p>\n<\/div>","protected":false},"excerpt":{"rendered":"<p>[vc_row][vc_column][\/vc_column][\/vc_row][vc_row][vc_column width=\u00a0\u00bb1\/2&Prime; css=\u00a0\u00bb.vc_custom_1761083142024{margin-top: 50px !important;}\u00a0\u00bb][vc_column_text css_animation=\u00a0\u00bbfadeInUp\u00a0\u00bb css=\u00a0\u00bb.vc_custom_1761647464935{margin-top: 50px !important;}\u00a0\u00bb]Nous transformons vos &#8230; <\/p>\n","protected":false},"author":1,"featured_media":0,"parent":0,"menu_order":0,"comment_status":"closed","ping_status":"closed","template":"","meta":{"footnotes":""},"class_list":["post-1210","page","type-page","status-publish","hentry"],"yoast_head":"<!-- This site is optimized with the Yoast SEO plugin v26.2 - https:\/\/yoast.com\/wordpress\/plugins\/seo\/ -->\n<title>Ce Que Nous Faisons - Soytuexportmanager<\/title>\n<meta name=\"robots\" content=\"index, follow, max-snippet:-1, max-image-preview:large, max-video-preview:-1\" \/>\n<link rel=\"canonical\" href=\"https:\/\/soytuexportmanager.com\/fr\/ce-que-nous-faisons\/\" \/>\n<meta property=\"og:locale\" content=\"fr_FR\" \/>\n<meta property=\"og:type\" content=\"article\" \/>\n<meta property=\"og:title\" content=\"Ce Que Nous Faisons - Soytuexportmanager\" \/>\n<meta property=\"og:description\" content=\"[vc_row][vc_column][\/vc_column][\/vc_row][vc_row][vc_column width=\u00a0\u00bb1\/2&Prime; css=\u00a0\u00bb.vc_custom_1761083142024{margin-top: 50px !important;}\u00a0\u00bb][vc_column_text css_animation=\u00a0\u00bbfadeInUp\u00a0\u00bb css=\u00a0\u00bb.vc_custom_1761647464935{margin-top: 50px !important;}\u00a0\u00bb]Nous transformons vos ...\" \/>\n<meta property=\"og:url\" content=\"https:\/\/soytuexportmanager.com\/fr\/ce-que-nous-faisons\/\" \/>\n<meta property=\"og:site_name\" content=\"Soytuexportmanager\" \/>\n<meta property=\"article:publisher\" content=\"https:\/\/www.facebook.com\/profile.php?id=61582785307922\" \/>\n<meta property=\"article:modified_time\" content=\"2025-10-28T11:35:24+00:00\" \/>\n<meta name=\"twitter:card\" content=\"summary_large_image\" \/>\n<meta name=\"twitter:label1\" content=\"Dur\u00e9e de lecture estim\u00e9e\" \/>\n\t<meta name=\"twitter:data1\" content=\"2 minutes\" \/>\n<script type=\"application\/ld+json\" class=\"yoast-schema-graph\">{\"@context\":\"https:\/\/schema.org\",\"@graph\":[{\"@type\":\"WebPage\",\"@id\":\"https:\/\/soytuexportmanager.com\/fr\/ce-que-nous-faisons\/\",\"url\":\"https:\/\/soytuexportmanager.com\/fr\/ce-que-nous-faisons\/\",\"name\":\"Ce Que Nous Faisons - Soytuexportmanager\",\"isPartOf\":{\"@id\":\"https:\/\/soytuexportmanager.com\/#website\"},\"datePublished\":\"2025-10-21T19:06:56+00:00\",\"dateModified\":\"2025-10-28T11:35:24+00:00\",\"breadcrumb\":{\"@id\":\"https:\/\/soytuexportmanager.com\/fr\/ce-que-nous-faisons\/#breadcrumb\"},\"inLanguage\":\"fr-FR\",\"potentialAction\":[{\"@type\":\"ReadAction\",\"target\":[\"https:\/\/soytuexportmanager.com\/fr\/ce-que-nous-faisons\/\"]}]},{\"@type\":\"BreadcrumbList\",\"@id\":\"https:\/\/soytuexportmanager.com\/fr\/ce-que-nous-faisons\/#breadcrumb\",\"itemListElement\":[{\"@type\":\"ListItem\",\"position\":1,\"name\":\"Portada\",\"item\":\"https:\/\/soytuexportmanager.com\/fr\/\"},{\"@type\":\"ListItem\",\"position\":2,\"name\":\"Ce Que Nous Faisons\"}]},{\"@type\":\"WebSite\",\"@id\":\"https:\/\/soytuexportmanager.com\/#website\",\"url\":\"https:\/\/soytuexportmanager.com\/\",\"name\":\"Soytuexportmanager\",\"description\":\"Especialistas en mercados emergentes\",\"publisher\":{\"@id\":\"https:\/\/soytuexportmanager.com\/#organization\"},\"potentialAction\":[{\"@type\":\"SearchAction\",\"target\":{\"@type\":\"EntryPoint\",\"urlTemplate\":\"https:\/\/soytuexportmanager.com\/?s={search_term_string}\"},\"query-input\":{\"@type\":\"PropertyValueSpecification\",\"valueRequired\":true,\"valueName\":\"search_term_string\"}}],\"inLanguage\":\"fr-FR\"},{\"@type\":\"Organization\",\"@id\":\"https:\/\/soytuexportmanager.com\/#organization\",\"name\":\"Soytuexportmanager\",\"url\":\"https:\/\/soytuexportmanager.com\/\",\"logo\":{\"@type\":\"ImageObject\",\"inLanguage\":\"fr-FR\",\"@id\":\"https:\/\/soytuexportmanager.com\/#\/schema\/logo\/image\/\",\"url\":\"https:\/\/soytuexportmanager.com\/wp-content\/uploads\/2025\/10\/cropped-Favicon.png\",\"contentUrl\":\"https:\/\/soytuexportmanager.com\/wp-content\/uploads\/2025\/10\/cropped-Favicon.png\",\"width\":512,\"height\":512,\"caption\":\"Soytuexportmanager\"},\"image\":{\"@id\":\"https:\/\/soytuexportmanager.com\/#\/schema\/logo\/image\/\"},\"sameAs\":[\"https:\/\/www.facebook.com\/profile.php?id=61582785307922\",\"https:\/\/www.instagram.com\/soytuexportmanager\/\",\"https:\/\/www.linkedin.com\/company\/soytuexportmanager\"]}]}<\/script>\n<!-- \/ Yoast SEO plugin. -->","yoast_head_json":{"title":"Ce Que Nous Faisons - Soytuexportmanager","robots":{"index":"index","follow":"follow","max-snippet":"max-snippet:-1","max-image-preview":"max-image-preview:large","max-video-preview":"max-video-preview:-1"},"canonical":"https:\/\/soytuexportmanager.com\/fr\/ce-que-nous-faisons\/","og_locale":"fr_FR","og_type":"article","og_title":"Ce Que Nous Faisons - Soytuexportmanager","og_description":"[vc_row][vc_column][\/vc_column][\/vc_row][vc_row][vc_column width=\u00a0\u00bb1\/2&Prime; css=\u00a0\u00bb.vc_custom_1761083142024{margin-top: 50px !important;}\u00a0\u00bb][vc_column_text css_animation=\u00a0\u00bbfadeInUp\u00a0\u00bb css=\u00a0\u00bb.vc_custom_1761647464935{margin-top: 50px !important;}\u00a0\u00bb]Nous transformons vos ...","og_url":"https:\/\/soytuexportmanager.com\/fr\/ce-que-nous-faisons\/","og_site_name":"Soytuexportmanager","article_publisher":"https:\/\/www.facebook.com\/profile.php?id=61582785307922","article_modified_time":"2025-10-28T11:35:24+00:00","twitter_card":"summary_large_image","twitter_misc":{"Dur\u00e9e de lecture estim\u00e9e":"2 minutes"},"schema":{"@context":"https:\/\/schema.org","@graph":[{"@type":"WebPage","@id":"https:\/\/soytuexportmanager.com\/fr\/ce-que-nous-faisons\/","url":"https:\/\/soytuexportmanager.com\/fr\/ce-que-nous-faisons\/","name":"Ce Que Nous Faisons - Soytuexportmanager","isPartOf":{"@id":"https:\/\/soytuexportmanager.com\/#website"},"datePublished":"2025-10-21T19:06:56+00:00","dateModified":"2025-10-28T11:35:24+00:00","breadcrumb":{"@id":"https:\/\/soytuexportmanager.com\/fr\/ce-que-nous-faisons\/#breadcrumb"},"inLanguage":"fr-FR","potentialAction":[{"@type":"ReadAction","target":["https:\/\/soytuexportmanager.com\/fr\/ce-que-nous-faisons\/"]}]},{"@type":"BreadcrumbList","@id":"https:\/\/soytuexportmanager.com\/fr\/ce-que-nous-faisons\/#breadcrumb","itemListElement":[{"@type":"ListItem","position":1,"name":"Portada","item":"https:\/\/soytuexportmanager.com\/fr\/"},{"@type":"ListItem","position":2,"name":"Ce Que Nous Faisons"}]},{"@type":"WebSite","@id":"https:\/\/soytuexportmanager.com\/#website","url":"https:\/\/soytuexportmanager.com\/","name":"Soytuexportmanager","description":"Especialistas en mercados emergentes","publisher":{"@id":"https:\/\/soytuexportmanager.com\/#organization"},"potentialAction":[{"@type":"SearchAction","target":{"@type":"EntryPoint","urlTemplate":"https:\/\/soytuexportmanager.com\/?s={search_term_string}"},"query-input":{"@type":"PropertyValueSpecification","valueRequired":true,"valueName":"search_term_string"}}],"inLanguage":"fr-FR"},{"@type":"Organization","@id":"https:\/\/soytuexportmanager.com\/#organization","name":"Soytuexportmanager","url":"https:\/\/soytuexportmanager.com\/","logo":{"@type":"ImageObject","inLanguage":"fr-FR","@id":"https:\/\/soytuexportmanager.com\/#\/schema\/logo\/image\/","url":"https:\/\/soytuexportmanager.com\/wp-content\/uploads\/2025\/10\/cropped-Favicon.png","contentUrl":"https:\/\/soytuexportmanager.com\/wp-content\/uploads\/2025\/10\/cropped-Favicon.png","width":512,"height":512,"caption":"Soytuexportmanager"},"image":{"@id":"https:\/\/soytuexportmanager.com\/#\/schema\/logo\/image\/"},"sameAs":["https:\/\/www.facebook.com\/profile.php?id=61582785307922","https:\/\/www.instagram.com\/soytuexportmanager\/","https:\/\/www.linkedin.com\/company\/soytuexportmanager"]}]}},"_links":{"self":[{"href":"https:\/\/soytuexportmanager.com\/fr\/wp-json\/wp\/v2\/pages\/1210","targetHints":{"allow":["GET"]}}],"collection":[{"href":"https:\/\/soytuexportmanager.com\/fr\/wp-json\/wp\/v2\/pages"}],"about":[{"href":"https:\/\/soytuexportmanager.com\/fr\/wp-json\/wp\/v2\/types\/page"}],"author":[{"embeddable":true,"href":"https:\/\/soytuexportmanager.com\/fr\/wp-json\/wp\/v2\/users\/1"}],"replies":[{"embeddable":true,"href":"https:\/\/soytuexportmanager.com\/fr\/wp-json\/wp\/v2\/comments?post=1210"}],"version-history":[{"count":6,"href":"https:\/\/soytuexportmanager.com\/fr\/wp-json\/wp\/v2\/pages\/1210\/revisions"}],"predecessor-version":[{"id":1420,"href":"https:\/\/soytuexportmanager.com\/fr\/wp-json\/wp\/v2\/pages\/1210\/revisions\/1420"}],"wp:attachment":[{"href":"https:\/\/soytuexportmanager.com\/fr\/wp-json\/wp\/v2\/media?parent=1210"}],"curies":[{"name":"wp","href":"https:\/\/api.w.org\/{rel}","templated":true}]}}