{"id":1220,"date":"2025-10-21T14:42:56","date_gmt":"2025-10-21T13:42:56","guid":{"rendered":"https:\/\/soytuexportmanager.com\/?page_id=1220"},"modified":"2025-10-28T11:29:26","modified_gmt":"2025-10-28T10:29:26","slug":"a-propos-de-nous","status":"publish","type":"page","link":"https:\/\/soytuexportmanager.com\/fr\/a-propos-de-nous\/","title":{"rendered":"\u00c0 Props De Nous"},"content":{"rendered":"<div class=\"wpb-content-wrapper\"><p>[vc_row][vc_column]<div class=\"cz_gap clr \" style=\"height: 80px\"><\/div>[\/vc_column][\/vc_row][vc_row][vc_column width=\u00a0\u00bb1\/2&Prime; css=\u00a0\u00bb.vc_custom_1761083142024{margin-top: 50px !important;}\u00a0\u00bb]<div id=\"cz_73281\" class=\"cz_73281 cz_title clr cz_title_pos_inline wpb_animate_when_almost_visible fadeInUp\"><div class=\"cz_title_content\"><div class=\"cz_wpe_content\"><p style=\"text-align: left;\">\u00c0 propos de nous<\/p>\n<h3 style=\"text-align: left;\"><span style=\"color: #0067b2;\"><strong>Plus que des consultants : votre \u00e9quipe d&rsquo;internationalisation<\/strong><\/span><\/h3>\n<\/div><\/div><\/div>[vc_column_text css_animation=\u00a0\u00bbfadeInUp\u00a0\u00bb css=\u00a0\u00bb.vc_custom_1761646063744{margin-top: 50px !important;}\u00a0\u00bb]SoyTuExportManager est un sp\u00e9cialiste qui aide les entreprises espagnoles \u00e0 conqu\u00e9rir les march\u00e9s internationaux de mani\u00e8re strat\u00e9gique, s\u00fbre et rentable.<\/p>\n<p>N\u00e9s d&rsquo;une initiative d&rsquo;IBC Espagne, mettant \u00e0 profit plus de 15 ans d&rsquo;exp\u00e9rience dans la mise en relation des entreprises avec les march\u00e9s mondiaux.[\/vc_column_text][\/vc_column][vc_column width=\u00a0\u00bb1\/2&Prime;][vc_single_image image=\u00a0\u00bb1164&Prime; img_size=\u00a0\u00bblarge\u00a0\u00bb alignment=\u00a0\u00bbcenter\u00a0\u00bb onclick=\u00a0\u00bbimg_link_large\u00a0\u00bb css=\u00a0\u00bb\u00a0\u00bb][\/vc_column][\/vc_row][vc_row][vc_column]<div class=\"cz_gap clr \" style=\"height: 20px\"><\/div>[\/vc_column][\/vc_row][vc_row full_width=\u00a0\u00bbstretch_row\u00a0\u00bb parallax=\u00a0\u00bbcontent-moving\u00a0\u00bb parallax_image=\u00a0\u00bb55&Prime; css=\u00a0\u00bb.vc_custom_1497765483470{padding-top: 50px !important;padding-bottom: 50px !important;border-radius: Select !important;}\u00a0\u00bb][vc_column][vc_row_inner el_class=\u00a0\u00bbno_padding\u00a0\u00bb css=\u00a0\u00bb.vc_custom_1497765507667{margin-top: -30px !important;border-radius: Select !important;}\u00a0\u00bb][vc_column_inner width=\u00a0\u00bb1\/4&Prime; offset=\u00a0\u00bbvc_hidden-xs\u00a0\u00bb]<div id=\"cz_90523\" class=\"cz_90523 cz_process_road cz_road_rb cz_road_icon_rhombus cz_road_1px\"><i><span>1<\/span><\/i><div class=\"cz_process_road_a\"><\/div><div class=\"cz_process_road_b\"><\/div><\/div>[\/vc_column_inner][vc_column_inner width=\u00a0\u00bb1\/4&Prime; offset=\u00a0\u00bbvc_hidden-xs\u00a0\u00bb]<div id=\"cz_74642\" class=\"cz_74642 cz_process_road cz_road_hd cz_road_icon_rhombus cz_road_1px\"><i><span>2<\/span><\/i><div class=\"cz_process_road_a\"><\/div><div class=\"cz_process_road_b\"><\/div><\/div>[\/vc_column_inner][vc_column_inner width=\u00a0\u00bb1\/4&Prime; offset=\u00a0\u00bbvc_hidden-xs\u00a0\u00bb]<div id=\"cz_71635\" class=\"cz_71635 cz_process_road cz_road_hd cz_road_icon_rhombus cz_road_1px\"><i><span>3<\/span><\/i><div class=\"cz_process_road_a\"><\/div><div class=\"cz_process_road_b\"><\/div><\/div>[\/vc_column_inner][vc_column_inner width=\u00a0\u00bb1\/4&Prime; offset=\u00a0\u00bbvc_hidden-xs\u00a0\u00bb]<div id=\"cz_15296\" class=\"cz_15296 cz_process_road cz_road_lb cz_road_icon_rhombus cz_road_1px\"><i><span>4<\/span><\/i><div class=\"cz_process_road_a\"><\/div><div class=\"cz_process_road_b\"><\/div><\/div>[\/vc_column_inner][\/vc_row_inner][vc_row_inner css=\u00a0\u00bb.vc_custom_1761083943666{margin-top: -32px !important;background-color: #75757500 !important;}\u00a0\u00bb][vc_column_inner width=\u00a0\u00bb1\/4&Prime;]<div class=\"xtra-service-box-hover fx_shine_hover\"><a href=\"#\"><div id=\"cz_78007\" class=\"cz_78007 services clr style1 services_b\"><div class=\"service_custom\"><\/div><div class=\"service_text\"><h3>Sp\u00e9cialisation g\u00e9ographique avec une expertise unique dans trois r\u00e9gions sp\u00e9cifiques <\/h3><div class=\"cz_wpe_content\"><span style=\"color: #ffffff;\"><strong>Afrique de l&rsquo;Ouest (sp\u00e9cialisation unique)<\/strong>15 ans d&rsquo;exp\u00e9rience, pr\u00e9sence \u00e9tablie dans 8 pays.<\/span><\/p>\n<p><span style=\"color: #ffffff;\"><strong>Am\u00e9rique latine <\/strong><\/span><br \/>\n<span style=\"color: #ffffff;\">Concentration sur le Mexique, la Colombie, le P\u00e9rou et les march\u00e9s du Pacifique.<\/span><\/p>\n<p><span style=\"color: #ffffff;\"><strong>Europe<\/strong><\/span><br \/>\n<span style=\"color: #ffffff;\">Sp\u00e9cialisation dans l&rsquo;Europe de l&rsquo;Est et les march\u00e9s \u00e9mergents.<\/span><\/div><\/div><\/div><\/a><\/div>[\/vc_column_inner][vc_column_inner width=\u00a0\u00bb1\/4&Prime;]<div class=\"xtra-service-box-hover fx_shine_hover\"><a href=\"#\"><div id=\"cz_106524\" class=\"cz_106524 services clr style1 services_b\"><div class=\"service_custom\"><\/div><div class=\"service_text\"><h3>Accompagnement vs. conseil traditionnel <\/h3><div class=\"cz_wpe_content\"><span style=\"color: #ffffff;\">Nous ne vendons pas des rapports qui finissent dans les tiroirs. Nous devenons votre d\u00e9partement international externe, en vous accompagnant depuis l&rsquo;analyse initiale jusqu&rsquo;\u00e0 ce que vous r\u00e9alisiez un v\u00e9ritable chiffre d&rsquo;affaires sur les march\u00e9s internationaux.<\/span><\/div><\/div><\/div><\/a><\/div>[\/vc_column_inner][vc_column_inner width=\u00a0\u00bb1\/4&Prime;]<div class=\"xtra-service-box-hover fx_shine_hover\"><a href=\"#\"><div id=\"cz_58838\" class=\"cz_58838 services clr style1 services_b\"><div class=\"service_custom\"><\/div><div class=\"service_text\"><h3>Un soutien institutionnel solide <\/h3><div class=\"cz_wpe_content\"><p style=\"text-align: center;\"><span style=\"color: #ffffff; font-size: 15px;\">Casa \u00c1frica (partenaire officiel)<\/span><\/p>\n<p style=\"text-align: center;\"><span style=\"color: #ffffff; font-size: 15px;\">Banque interam\u00e9ricaine de d\u00e9veloppement<\/span><\/p>\n<p style=\"text-align: center;\"><span style=\"color: #ffffff; font-size: 15px;\">PROEXCA (\u00celes Canaries)<\/span><\/p>\n<p style=\"text-align: center;\"><span style=\"color: #ffffff; font-size: 15px;\">Chambre de commerce des \u00c9tats-Unis en Espagne<\/span><\/p>\n<p style=\"text-align: center;\"><span style=\"color: #ffffff; font-size: 15px;\">CEOE International<\/span><\/p>\n<\/div><\/div><\/div><\/a><\/div>[\/vc_column_inner][vc_column_inner width=\u00a0\u00bb1\/4&Prime;]<div class=\"xtra-service-box-hover fx_shine_hover\"><a href=\"#\"><div id=\"cz_12670\" class=\"cz_12670 services clr style1 services_b\"><div class=\"service_custom\"><\/div><div class=\"service_text\"><h3>Notre m\u00e9thodologie \u00e9prouv\u00e9e <\/h3><div class=\"cz_wpe_content\"><span style=\"color: #ffffff;\">Notre cadre d&rsquo;internationalisation a \u00e9t\u00e9 d\u00e9velopp\u00e9 et affin\u00e9 gr\u00e2ce \u00e0 des centaines de projets r\u00e9ussis. Nous savons ce qui fonctionne et ce qui ne fonctionne pas sur chaque march\u00e9.<\/span><\/div><\/div><\/div><\/a><\/div>[\/vc_column_inner][\/vc_row_inner][\/vc_column][\/vc_row]<\/p>\n<\/div>","protected":false},"excerpt":{"rendered":"<p>[vc_row][vc_column][\/vc_column][\/vc_row][vc_row][vc_column width=\u00a0\u00bb1\/2&Prime; css=\u00a0\u00bb.vc_custom_1761083142024{margin-top: 50px !important;}\u00a0\u00bb][vc_column_text css_animation=\u00a0\u00bbfadeInUp\u00a0\u00bb css=\u00a0\u00bb.vc_custom_1761646063744{margin-top: 50px !important;}\u00a0\u00bb]SoyTuExportManager est un &#8230; <\/p>\n","protected":false},"author":1,"featured_media":0,"parent":0,"menu_order":0,"comment_status":"closed","ping_status":"closed","template":"","meta":{"footnotes":""},"class_list":["post-1220","page","type-page","status-publish","hentry"],"yoast_head":"<!-- This site is optimized with the Yoast SEO plugin v26.2 - https:\/\/yoast.com\/wordpress\/plugins\/seo\/ -->\n<title>\u00c0 Props De Nous - Soytuexportmanager<\/title>\n<meta name=\"robots\" content=\"index, follow, max-snippet:-1, max-image-preview:large, max-video-preview:-1\" \/>\n<link rel=\"canonical\" href=\"https:\/\/soytuexportmanager.com\/fr\/a-propos-de-nous\/\" \/>\n<meta property=\"og:locale\" content=\"fr_FR\" \/>\n<meta property=\"og:type\" content=\"article\" \/>\n<meta property=\"og:title\" content=\"\u00c0 Props De Nous - Soytuexportmanager\" \/>\n<meta property=\"og:description\" content=\"[vc_row][vc_column][\/vc_column][\/vc_row][vc_row][vc_column width=\u00a0\u00bb1\/2&Prime; css=\u00a0\u00bb.vc_custom_1761083142024{margin-top: 50px !important;}\u00a0\u00bb][vc_column_text css_animation=\u00a0\u00bbfadeInUp\u00a0\u00bb css=\u00a0\u00bb.vc_custom_1761646063744{margin-top: 50px !important;}\u00a0\u00bb]SoyTuExportManager est un ...\" \/>\n<meta property=\"og:url\" content=\"https:\/\/soytuexportmanager.com\/fr\/a-propos-de-nous\/\" \/>\n<meta property=\"og:site_name\" content=\"Soytuexportmanager\" \/>\n<meta property=\"article:publisher\" content=\"https:\/\/www.facebook.com\/profile.php?id=61582785307922\" \/>\n<meta property=\"article:modified_time\" content=\"2025-10-28T10:29:26+00:00\" \/>\n<meta name=\"twitter:card\" content=\"summary_large_image\" \/>\n<meta name=\"twitter:label1\" content=\"Dur\u00e9e de lecture estim\u00e9e\" \/>\n\t<meta name=\"twitter:data1\" content=\"2 minutes\" \/>\n<script type=\"application\/ld+json\" class=\"yoast-schema-graph\">{\"@context\":\"https:\/\/schema.org\",\"@graph\":[{\"@type\":\"WebPage\",\"@id\":\"https:\/\/soytuexportmanager.com\/fr\/a-propos-de-nous\/\",\"url\":\"https:\/\/soytuexportmanager.com\/fr\/a-propos-de-nous\/\",\"name\":\"\u00c0 Props De Nous - Soytuexportmanager\",\"isPartOf\":{\"@id\":\"https:\/\/soytuexportmanager.com\/#website\"},\"datePublished\":\"2025-10-21T13:42:56+00:00\",\"dateModified\":\"2025-10-28T10:29:26+00:00\",\"breadcrumb\":{\"@id\":\"https:\/\/soytuexportmanager.com\/fr\/a-propos-de-nous\/#breadcrumb\"},\"inLanguage\":\"fr-FR\",\"potentialAction\":[{\"@type\":\"ReadAction\",\"target\":[\"https:\/\/soytuexportmanager.com\/fr\/a-propos-de-nous\/\"]}]},{\"@type\":\"BreadcrumbList\",\"@id\":\"https:\/\/soytuexportmanager.com\/fr\/a-propos-de-nous\/#breadcrumb\",\"itemListElement\":[{\"@type\":\"ListItem\",\"position\":1,\"name\":\"Portada\",\"item\":\"https:\/\/soytuexportmanager.com\/fr\/\"},{\"@type\":\"ListItem\",\"position\":2,\"name\":\"\u00c0 Props De Nous\"}]},{\"@type\":\"WebSite\",\"@id\":\"https:\/\/soytuexportmanager.com\/#website\",\"url\":\"https:\/\/soytuexportmanager.com\/\",\"name\":\"Soytuexportmanager\",\"description\":\"Especialistas en mercados emergentes\",\"publisher\":{\"@id\":\"https:\/\/soytuexportmanager.com\/#organization\"},\"potentialAction\":[{\"@type\":\"SearchAction\",\"target\":{\"@type\":\"EntryPoint\",\"urlTemplate\":\"https:\/\/soytuexportmanager.com\/?s={search_term_string}\"},\"query-input\":{\"@type\":\"PropertyValueSpecification\",\"valueRequired\":true,\"valueName\":\"search_term_string\"}}],\"inLanguage\":\"fr-FR\"},{\"@type\":\"Organization\",\"@id\":\"https:\/\/soytuexportmanager.com\/#organization\",\"name\":\"Soytuexportmanager\",\"url\":\"https:\/\/soytuexportmanager.com\/\",\"logo\":{\"@type\":\"ImageObject\",\"inLanguage\":\"fr-FR\",\"@id\":\"https:\/\/soytuexportmanager.com\/#\/schema\/logo\/image\/\",\"url\":\"https:\/\/soytuexportmanager.com\/wp-content\/uploads\/2025\/10\/cropped-Favicon.png\",\"contentUrl\":\"https:\/\/soytuexportmanager.com\/wp-content\/uploads\/2025\/10\/cropped-Favicon.png\",\"width\":512,\"height\":512,\"caption\":\"Soytuexportmanager\"},\"image\":{\"@id\":\"https:\/\/soytuexportmanager.com\/#\/schema\/logo\/image\/\"},\"sameAs\":[\"https:\/\/www.facebook.com\/profile.php?id=61582785307922\",\"https:\/\/www.instagram.com\/soytuexportmanager\/\",\"https:\/\/www.linkedin.com\/company\/soytuexportmanager\"]}]}<\/script>\n<!-- \/ Yoast SEO plugin. -->","yoast_head_json":{"title":"\u00c0 Props De Nous - Soytuexportmanager","robots":{"index":"index","follow":"follow","max-snippet":"max-snippet:-1","max-image-preview":"max-image-preview:large","max-video-preview":"max-video-preview:-1"},"canonical":"https:\/\/soytuexportmanager.com\/fr\/a-propos-de-nous\/","og_locale":"fr_FR","og_type":"article","og_title":"\u00c0 Props De Nous - Soytuexportmanager","og_description":"[vc_row][vc_column][\/vc_column][\/vc_row][vc_row][vc_column width=\u00a0\u00bb1\/2&Prime; css=\u00a0\u00bb.vc_custom_1761083142024{margin-top: 50px !important;}\u00a0\u00bb][vc_column_text css_animation=\u00a0\u00bbfadeInUp\u00a0\u00bb css=\u00a0\u00bb.vc_custom_1761646063744{margin-top: 50px !important;}\u00a0\u00bb]SoyTuExportManager est un ...","og_url":"https:\/\/soytuexportmanager.com\/fr\/a-propos-de-nous\/","og_site_name":"Soytuexportmanager","article_publisher":"https:\/\/www.facebook.com\/profile.php?id=61582785307922","article_modified_time":"2025-10-28T10:29:26+00:00","twitter_card":"summary_large_image","twitter_misc":{"Dur\u00e9e de lecture estim\u00e9e":"2 minutes"},"schema":{"@context":"https:\/\/schema.org","@graph":[{"@type":"WebPage","@id":"https:\/\/soytuexportmanager.com\/fr\/a-propos-de-nous\/","url":"https:\/\/soytuexportmanager.com\/fr\/a-propos-de-nous\/","name":"\u00c0 Props De Nous - Soytuexportmanager","isPartOf":{"@id":"https:\/\/soytuexportmanager.com\/#website"},"datePublished":"2025-10-21T13:42:56+00:00","dateModified":"2025-10-28T10:29:26+00:00","breadcrumb":{"@id":"https:\/\/soytuexportmanager.com\/fr\/a-propos-de-nous\/#breadcrumb"},"inLanguage":"fr-FR","potentialAction":[{"@type":"ReadAction","target":["https:\/\/soytuexportmanager.com\/fr\/a-propos-de-nous\/"]}]},{"@type":"BreadcrumbList","@id":"https:\/\/soytuexportmanager.com\/fr\/a-propos-de-nous\/#breadcrumb","itemListElement":[{"@type":"ListItem","position":1,"name":"Portada","item":"https:\/\/soytuexportmanager.com\/fr\/"},{"@type":"ListItem","position":2,"name":"\u00c0 Props De Nous"}]},{"@type":"WebSite","@id":"https:\/\/soytuexportmanager.com\/#website","url":"https:\/\/soytuexportmanager.com\/","name":"Soytuexportmanager","description":"Especialistas en mercados emergentes","publisher":{"@id":"https:\/\/soytuexportmanager.com\/#organization"},"potentialAction":[{"@type":"SearchAction","target":{"@type":"EntryPoint","urlTemplate":"https:\/\/soytuexportmanager.com\/?s={search_term_string}"},"query-input":{"@type":"PropertyValueSpecification","valueRequired":true,"valueName":"search_term_string"}}],"inLanguage":"fr-FR"},{"@type":"Organization","@id":"https:\/\/soytuexportmanager.com\/#organization","name":"Soytuexportmanager","url":"https:\/\/soytuexportmanager.com\/","logo":{"@type":"ImageObject","inLanguage":"fr-FR","@id":"https:\/\/soytuexportmanager.com\/#\/schema\/logo\/image\/","url":"https:\/\/soytuexportmanager.com\/wp-content\/uploads\/2025\/10\/cropped-Favicon.png","contentUrl":"https:\/\/soytuexportmanager.com\/wp-content\/uploads\/2025\/10\/cropped-Favicon.png","width":512,"height":512,"caption":"Soytuexportmanager"},"image":{"@id":"https:\/\/soytuexportmanager.com\/#\/schema\/logo\/image\/"},"sameAs":["https:\/\/www.facebook.com\/profile.php?id=61582785307922","https:\/\/www.instagram.com\/soytuexportmanager\/","https:\/\/www.linkedin.com\/company\/soytuexportmanager"]}]}},"_links":{"self":[{"href":"https:\/\/soytuexportmanager.com\/fr\/wp-json\/wp\/v2\/pages\/1220","targetHints":{"allow":["GET"]}}],"collection":[{"href":"https:\/\/soytuexportmanager.com\/fr\/wp-json\/wp\/v2\/pages"}],"about":[{"href":"https:\/\/soytuexportmanager.com\/fr\/wp-json\/wp\/v2\/types\/page"}],"author":[{"embeddable":true,"href":"https:\/\/soytuexportmanager.com\/fr\/wp-json\/wp\/v2\/users\/1"}],"replies":[{"embeddable":true,"href":"https:\/\/soytuexportmanager.com\/fr\/wp-json\/wp\/v2\/comments?post=1220"}],"version-history":[{"count":4,"href":"https:\/\/soytuexportmanager.com\/fr\/wp-json\/wp\/v2\/pages\/1220\/revisions"}],"predecessor-version":[{"id":1408,"href":"https:\/\/soytuexportmanager.com\/fr\/wp-json\/wp\/v2\/pages\/1220\/revisions\/1408"}],"wp:attachment":[{"href":"https:\/\/soytuexportmanager.com\/fr\/wp-json\/wp\/v2\/media?parent=1220"}],"curies":[{"name":"wp","href":"https:\/\/api.w.org\/{rel}","templated":true}]}}