{"id":1235,"date":"2025-10-21T14:46:20","date_gmt":"2025-10-21T13:46:20","guid":{"rendered":"https:\/\/soytuexportmanager.com\/?page_id=1235"},"modified":"2025-10-28T12:17:18","modified_gmt":"2025-10-28T11:17:18","slug":"nos-clients-et-nos-projets","status":"publish","type":"page","link":"https:\/\/soytuexportmanager.com\/fr\/nos-clients-et-nos-projets\/","title":{"rendered":"Nos Clients Et Nos Projects"},"content":{"rendered":"<div class=\"wpb-content-wrapper\"><p>[vc_row][vc_column]<div id=\"cz_45034\" class=\"cz_45034 cz_title clr cz_title_pos_inline tac wpb_animate_when_almost_visible fadeInUp\"><div class=\"cz_title_content\"><div class=\"cz_wpe_content\"><h2 style=\"text-align: center;\"><strong><span style=\"color: #0067b2;\">DES ENTREPRISES QUI NOUS FONT D\u00c9J\u00c0 CONFIANCE<\/span><\/strong><\/h2>\n<p>&nbsp;<\/p>\n<p>Secteurs dans lesquels nous avons de l&rsquo;exp\u00e9rience<\/p>\n<\/div><\/div><\/div><div class=\"cz_gap clr \" style=\"height: 20px\"><\/div>[\/vc_column][\/vc_row][vc_row][vc_column width=\u00a0\u00bb1\/2&Prime; offset=\u00a0\u00bbvc_col-lg-4&Prime;][vc_column_text css=\u00a0\u00bb\u00a0\u00bb]<\/p>\n<p style=\"text-align: center;\"><span style=\"font-size: 20px;\"><strong>Technologies de la sant\u00e9<\/strong><\/span><\/p>\n<p>[\/vc_column_text]<ul id=\"cz_102831\" class=\"cz_102831 cz_stylish_list clr cz_sl_icon_hover_zoom_in\"><li class=\"clr\"><div class=\"cz_sl_icon\"><i class=\"fa czico-132-arrows-8 mr10\" ><\/i><\/div><div><span>\u00c9quipements m\u00e9dicaux sp\u00e9cialis\u00e9s.<\/span><\/div><\/li><li class=\"clr\"><div class=\"cz_sl_icon\"><i class=\"fa czico-132-arrows-8 mr10\" ><\/i><\/div><div><span>Appareils de diagnostic.<\/span><\/div><\/li><li class=\"clr\"><div class=\"cz_sl_icon\"><i class=\"fa czico-132-arrows-8 mr10\" ><\/i><\/div><div><span>Technologie hospitali\u00e8re.<\/span><\/div><\/li><li class=\"clr\"><div class=\"cz_sl_icon\"><i class=\"fa czico-132-arrows-8 mr10\" ><\/i><\/div><div><span>Produits pharmaceutiques<\/span><\/div><\/li><\/ul>[\/vc_column][vc_column width=\u00a0\u00bb1\/3&Prime; offset=\u00a0\u00bbvc_hidden-md vc_hidden-sm\u00a0\u00bb][vc_column_text css=\u00a0\u00bb\u00a0\u00bb]<\/p>\n<p style=\"text-align: center;\"><span style=\"font-size: 20px;\"><strong>Produits \u00e9cologiques<\/strong><\/span><\/p>\n<p>[\/vc_column_text]<ul id=\"cz_69430\" class=\"cz_69430 cz_stylish_list clr cz_sl_icon_hover_zoom_in\"><li class=\"clr\"><div class=\"cz_sl_icon\"><i class=\"fa czico-132-arrows-8 mr10\" ><\/i><\/div><div><span>Vaisselle biod\u00e9gradable.<\/span><\/div><\/li><li class=\"clr\"><div class=\"cz_sl_icon\"><i class=\"fa czico-132-arrows-8 mr10\" ><\/i><\/div><div><span>Emballages durables.<\/span><\/div><\/li><li class=\"clr\"><div class=\"cz_sl_icon\"><i class=\"fa czico-132-arrows-8 mr10\" ><\/i><\/div><div><span>Produits r\u00e9utilisables.<\/span><\/div><\/li><li class=\"clr\"><div class=\"cz_sl_icon\"><i class=\"fa czico-132-arrows-8 mr10\" ><\/i><\/div><div><span>Technologies propres.<\/span><\/div><\/li><\/ul>[\/vc_column][vc_column width=\u00a0\u00bb1\/2&Prime; offset=\u00a0\u00bbvc_col-lg-4&Prime;][vc_column_text css=\u00a0\u00bb\u00a0\u00bb]<\/p>\n<p style=\"text-align: center;\"><span style=\"font-size: 20px;\"><strong>Technologie industrielle<\/strong><\/span><\/p>\n<p>[\/vc_column_text]<ul id=\"cz_42047\" class=\"cz_42047 cz_stylish_list clr cz_sl_icon_hover_zoom_in\"><li class=\"clr\"><div class=\"cz_sl_icon\"><i class=\"fa czico-132-arrows-8 mr10\" ><\/i><\/div><div><span>Mat\u00e9riel de construction<\/span><\/div><\/li><li class=\"clr\"><div class=\"cz_sl_icon\"><i class=\"fa czico-132-arrows-8 mr10\" ><\/i><\/div><div><span>Machines sp\u00e9cialis\u00e9es.<\/span><\/div><\/li><li class=\"clr\"><div class=\"cz_sl_icon\"><i class=\"fa czico-132-arrows-8 mr10\" ><\/i><\/div><div><span>Syst\u00e8mes d'automatisation.<\/span><\/div><\/li><li class=\"clr\"><div class=\"cz_sl_icon\"><i class=\"fa czico-132-arrows-8 mr10\" ><\/i><\/div><div><span>Outils techniques.<\/span><\/div><\/li><\/ul>[\/vc_column][\/vc_row][vc_row css=\u00a0\u00bb.vc_custom_1761138182264{margin-top: 100px !important;}\u00a0\u00bb][vc_column width=\u00a0\u00bb1\/2&Prime; offset=\u00a0\u00bbvc_col-lg-4&Prime;][vc_column_text css=\u00a0\u00bb\u00a0\u00bb]<\/p>\n<p style=\"text-align: center;\"><span style=\"font-size: 20px;\"><strong>&nbsp;Alimentation et boissons<\/strong><\/span><\/p>\n<p>[\/vc_column_text]<ul id=\"cz_45913\" class=\"cz_45913 cz_stylish_list clr cz_sl_icon_hover_zoom_in\"><li class=\"clr\"><div class=\"cz_sl_icon\"><i class=\"fa czico-132-arrows-8 mr10\" ><\/i><\/div><div><span>Produits gastronomiques.<\/span><\/div><\/li><li class=\"clr\"><div class=\"cz_sl_icon\"><i class=\"fa czico-132-arrows-8 mr10\" ><\/i><\/div><div><span>Conserves de qualit\u00e9 sup\u00e9rieure.<\/span><\/div><\/li><li class=\"clr\"><div class=\"cz_sl_icon\"><i class=\"fa czico-132-arrows-8 mr10\" ><\/i><\/div><div><span>Boissons sp\u00e9ciales.<\/span><\/div><\/li><li class=\"clr\"><div class=\"cz_sl_icon\"><i class=\"fa czico-132-arrows-8 mr10\" ><\/i><\/div><div><span>Ingr\u00e9dients alimentaires.<\/span><\/div><\/li><\/ul>[\/vc_column][vc_column width=\u00a0\u00bb1\/3&Prime; offset=\u00a0\u00bbvc_hidden-md vc_hidden-sm\u00a0\u00bb][vc_column_text css=\u00a0\u00bb\u00a0\u00bb]<\/p>\n<p style=\"text-align: center;\"><span style=\"font-size: 20px;\"><strong>Technologie industrielle<\/strong><\/span><\/p>\n<p>[\/vc_column_text]<ul id=\"cz_15505\" class=\"cz_15505 cz_stylish_list clr cz_sl_icon_hover_zoom_in\"><li class=\"clr\"><div class=\"cz_sl_icon\"><i class=\"fa czico-132-arrows-8 mr10\" ><\/i><\/div><div><span>Syst\u00e8mes d'\u00e9clairage.<\/span><\/div><\/li><li class=\"clr\"><div class=\"cz_sl_icon\"><i class=\"fa czico-132-arrows-8 mr10\" ><\/i><\/div><div><span>Technologie solaire.<\/span><\/div><\/li><li class=\"clr\"><div class=\"cz_sl_icon\"><i class=\"fa czico-132-arrows-8 mr10\" ><\/i><\/div><div><span>Efficacit\u00e9 \u00e9nerg\u00e9tique.<\/span><\/div><\/li><li class=\"clr\"><div class=\"cz_sl_icon\"><i class=\"fa czico-132-arrows-8 mr10\" ><\/i><\/div><div><span>Villes intelligentes.<\/span><\/div><\/li><\/ul>[\/vc_column][vc_column width=\u00a0\u00bb1\/2&Prime; offset=\u00a0\u00bbvc_col-lg-4&Prime;][vc_column_text css=\u00a0\u00bb\u00a0\u00bb]<\/p>\n<p style=\"text-align: center;\"><span style=\"font-size: 20px;\"><strong>\u00c9quipement h\u00f4telier<\/strong><\/span><\/p>\n<p>[\/vc_column_text]<ul id=\"cz_95601\" class=\"cz_95601 cz_stylish_list clr cz_sl_icon_hover_zoom_in\"><li class=\"clr\"><div class=\"cz_sl_icon\"><i class=\"fa czico-132-arrows-8 mr10\" ><\/i><\/div><div><span>Mobilier d'accueil.<\/span><\/div><\/li><li class=\"clr\"><div class=\"cz_sl_icon\"><i class=\"fa czico-132-arrows-8 mr10\" ><\/i><\/div><div><span>Syst\u00e8mes de climatisation.<\/span><\/div><\/li><li class=\"clr\"><div class=\"cz_sl_icon\"><i class=\"fa czico-132-arrows-8 mr10\" ><\/i><\/div><div><span>Technologie h\u00f4teli\u00e8re.<\/span><\/div><\/li><li class=\"clr\"><div class=\"cz_sl_icon\"><i class=\"fa czico-132-arrows-8 mr10\" ><\/i><\/div><div><span>Am\u00e9nagements haut de gamme.<\/span><\/div><\/li><\/ul>[\/vc_column][\/vc_row][vc_row full_width=\u00a0\u00bbstretch_row_content_no_spaces\u00a0\u00bb][vc_column]<div class=\"cz_gap clr  hide_on_tablet hide_on_mobile\" style=\"height: 80px\"><\/div><div class=\"cz_gap show_on_tablet clr  show_only_tablet\" style=\"height: 0px\"><\/div><div class=\"cz_gap show_on_mobile clr\" style=\"height: 0px\"><\/div><div id=\"cz_99194\" class=\"cz_99194 cz_title clr cz_title_pos_inline tac wpb_animate_when_almost_visible fadeInUp\"><div class=\"cz_title_content\"><div class=\"cz_wpe_content\"><h2 style=\"text-align: center;\"><span style=\"color: #0067b2;\"><strong>Types de projets que nous d\u00e9veloppons <\/strong><\/span><\/h2>\n<\/div><\/div><\/div><div class=\"cz_gap clr  hide_on_tablet hide_on_mobile\" style=\"height: 80px\"><\/div><div class=\"cz_gap show_on_tablet clr  show_only_tablet\" style=\"height: 0px\"><\/div><div class=\"cz_gap show_on_mobile clr\" style=\"height: 0px\"><\/div><div class=\"relative\"><div id=\"cz_76526\" class=\"cz_76526 cz_line tal\"><\/div><\/div><div class=\"clr\"><\/div><div class=\"cz_gap clr \" style=\"height: 20px\"><\/div>[\/vc_column][\/vc_row][vc_row css=\u00a0\u00bb.vc_custom_1761140129811{border-color: #0067B2 !important;}\u00a0\u00bb][vc_column width=\u00a0\u00bb1\/4&Prime;][vc_single_image image=\u00a0\u00bb1172&Prime; img_size=\u00a0\u00bbfull\u00a0\u00bb css=\u00a0\u00bb\u00a0\u00bb][\/vc_column][vc_column width=\u00a0\u00bb1\/4&Prime;][vc_column_text css=\u00a0\u00bb\u00a0\u00bb]<span style=\"font-size: 19px; color: #0067b2;\"><strong>Internationalisation int\u00e9grale<\/strong><\/span><\/p>\n<hr>\n<ul>\n<li><span style=\"font-size: 17px;\">Assistance compl\u00e8te de z\u00e9ro au chiffre d&rsquo;affaires.<\/span><\/li>\n<li><span style=\"font-size: 17px;\">D\u00e9veloppement s\u00e9quentiel de plusieurs march\u00e9s.<\/span><\/li>\n<li><span style=\"font-size: 17px;\">Mise en place d&rsquo;un r\u00e9seau commercial international.<\/span><\/li>\n<\/ul>\n<p>[\/vc_column_text][\/vc_column][vc_column width=\u00a0\u00bb1\/4&Prime;][vc_single_image image=\u00a0\u00bb1176&Prime; img_size=\u00a0\u00bbfull\u00a0\u00bb css=\u00a0\u00bb\u00a0\u00bb][\/vc_column][vc_column width=\u00a0\u00bb1\/4&Prime;][vc_column_text css=\u00a0\u00bb\u00a0\u00bb]<span style=\"color: #0067b2; font-size: 19px;\"><strong>Diversification des march\u00e9s<\/strong><\/span><\/p>\n<hr>\n<ul>\n<li><span style=\"font-size: 17px;\">Entr\u00e9e dans de nouvelles r\u00e9gions g\u00e9ographiques.<\/span><\/li>\n<li><span style=\"font-size: 17px;\">Identification des opportunit\u00e9s sur les march\u00e9s adjacents.<\/span><\/li>\n<li><span style=\"font-size: 17px;\">Expansion contr\u00f4l\u00e9e avec gestion des risques.<\/span><\/li>\n<\/ul>\n<p>[\/vc_column_text][\/vc_column][\/vc_row][vc_row][vc_column width=\u00a0\u00bb1\/4&Prime;][vc_column_text css=\u00a0\u00bb\u00a0\u00bb]<span style=\"font-size: 19px; color: #0067b2;\"><strong>R\u00e9cup\u00e9ration des op\u00e9rations<\/strong><\/span><\/p>\n<hr>\n<ul>\n<li><span style=\"font-size: 17px;\">Relance des march\u00e9s abandonn\u00e9s.<\/span><\/li>\n<li><span style=\"font-size: 17px;\">R\u00e9solution de probl\u00e8mes op\u00e9rationnels ou commerciaux.<\/span><\/li>\n<li><span style=\"font-size: 17px;\">Restructuration des strat\u00e9gies internationales.<\/span><\/li>\n<\/ul>\n<p>[\/vc_column_text][\/vc_column][vc_column width=\u00a0\u00bb1\/4&Prime;][vc_single_image image=\u00a0\u00bb1174&Prime; img_size=\u00a0\u00bbfull\u00a0\u00bb css=\u00a0\u00bb\u00a0\u00bb][\/vc_column][vc_column width=\u00a0\u00bb1\/4&Prime;][vc_column_text css=\u00a0\u00bb\u00a0\u00bb]<span style=\"font-size: 19px; color: #0067b2;\"><strong>Projets institutionnels<\/strong><\/span><\/p>\n<hr>\n<ul>\n<li><span style=\"font-size: 17px;\">Collaboration avec des organisations de promotion du commerce.<\/span><\/li>\n<li><span style=\"font-size: 17px;\">Participation \u00e0 des missions commerciales officielles.<\/span><\/li>\n<li><span style=\"font-size: 17px;\">D\u00e9veloppement de programmes sectoriels d&rsquo;internationalisation.<\/span><\/li>\n<\/ul>\n<p>[\/vc_column_text][\/vc_column][vc_column width=\u00a0\u00bb1\/4&Prime;][vc_single_image image=\u00a0\u00bb1178&Prime; img_size=\u00a0\u00bbfull\u00a0\u00bb css=\u00a0\u00bb\u00a0\u00bb][\/vc_column][\/vc_row][vc_row css=\u00a0\u00bb.vc_custom_1761140390421{margin-top: 100px !important;margin-bottom: 50px !important;}\u00a0\u00bb][vc_column]<div id=\"cz_67971\" class=\"cz_67971 cz_title clr cz_title_pos_inline tac wpb_animate_when_almost_visible fadeInUp\"><div class=\"cz_title_content\"><div class=\"cz_wpe_content\"><h1 style=\"text-align: center;\"><span style=\"color: #0067b2;\"><strong>Les r\u00e9sultats que nous obtenons habituellement <\/strong><\/span><\/h1>\n<\/div><\/div><\/div>[\/vc_column][\/vc_row][vc_row][vc_column width=\u00a0\u00bb1\/2&Prime;]<div id=\"cz_101993\" class=\"cz_101993 services clr style1 services_b\"><div class=\"service_custom\"><i class=\"fa czico-072-check-mark\"><\/i><\/div><div class=\"service_text\"><h3>Pour les entreprises qui d\u00e9butent dans l'exportation:<\/h3><div class=\"cz_wpe_content\"><p style=\"text-align: center;\"><span style=\"font-size: 18px;\">Premi\u00e8re vente internationale en 6 \u00e0 12 mois.<\/span><\/p>\n<p style=\"text-align: center;\"><span style=\"font-size: 18px;\">Mise en place de 2 \u00e0 3 distributeurs par march\u00e9.<\/span><\/p>\n<p style=\"text-align: center;\"><span style=\"font-size: 18px;\">Diversification du risque commercial.<\/span><\/p>\n<p style=\"text-align: center;\"><span style=\"font-size: 18px;\">Apprentissage acc\u00e9l\u00e9r\u00e9 du commerce international.<\/span><\/p>\n<\/div><\/div><\/div>[\/vc_column][vc_column width=\u00a0\u00bb1\/2&Prime;]<div id=\"cz_85087\" class=\"cz_85087 services clr style1 services_b\"><div class=\"service_custom\"><i class=\"fa czico-072-check-mark\"><\/i><\/div><div class=\"service_text\"><h3>Pour les entreprises ayant une exp\u00e9rience de l'exportation:<\/h3><div class=\"cz_wpe_content\"><p style=\"text-align: center;\"><span style=\"font-size: 18px;\">Croissance de 25 \u00e0 40 % du chiffre d&rsquo;affaires international.<\/span><\/p>\n<p style=\"text-align: center;\"><span style=\"font-size: 18px;\">Entr\u00e9e r\u00e9ussie sur 2 \u00e0 3 nouveaux march\u00e9s par an.<\/span><\/p>\n<p style=\"text-align: center;\"><span style=\"font-size: 18px;\">Optimisation des marges commerciales.<\/span><\/p>\n<p style=\"text-align: center;\"><span style=\"font-size: 18px;\">R\u00e9duction des risques op\u00e9rationnels.<\/span><\/p>\n<\/div><\/div><\/div>[\/vc_column][\/vc_row]<\/p>\n<\/div>","protected":false},"excerpt":{"rendered":"<p>[vc_row][vc_column][\/vc_column][\/vc_row][vc_row][vc_column width=\u00a0\u00bb1\/2&Prime; offset=\u00a0\u00bbvc_col-lg-4&Prime;][vc_column_text css=\u00a0\u00bb\u00a0\u00bb] Technologies de la sant\u00e9 [\/vc_column_text][\/vc_column][vc_column width=\u00a0\u00bb1\/3&Prime; offset=\u00a0\u00bbvc_hidden-md &#8230; <\/p>\n","protected":false},"author":1,"featured_media":0,"parent":0,"menu_order":0,"comment_status":"closed","ping_status":"closed","template":"","meta":{"footnotes":""},"class_list":["post-1235","page","type-page","status-publish","hentry"],"yoast_head":"<!-- This site is optimized with the Yoast SEO plugin v26.2 - https:\/\/yoast.com\/wordpress\/plugins\/seo\/ -->\n<title>Nos Clients Et Nos Projects - Soytuexportmanager<\/title>\n<meta name=\"robots\" content=\"index, follow, max-snippet:-1, max-image-preview:large, max-video-preview:-1\" \/>\n<link rel=\"canonical\" href=\"https:\/\/soytuexportmanager.com\/fr\/nos-clients-et-nos-projets\/\" \/>\n<meta property=\"og:locale\" content=\"fr_FR\" \/>\n<meta property=\"og:type\" content=\"article\" \/>\n<meta property=\"og:title\" content=\"Nos Clients Et Nos Projects - Soytuexportmanager\" \/>\n<meta property=\"og:description\" content=\"[vc_row][vc_column][\/vc_column][\/vc_row][vc_row][vc_column width=\u00a0\u00bb1\/2&Prime; offset=\u00a0\u00bbvc_col-lg-4&Prime;][vc_column_text css=\u00a0\u00bb\u00a0\u00bb] Technologies de la sant\u00e9 [\/vc_column_text][\/vc_column][vc_column width=\u00a0\u00bb1\/3&Prime; offset=\u00a0\u00bbvc_hidden-md ...\" \/>\n<meta property=\"og:url\" content=\"https:\/\/soytuexportmanager.com\/fr\/nos-clients-et-nos-projets\/\" \/>\n<meta property=\"og:site_name\" content=\"Soytuexportmanager\" \/>\n<meta property=\"article:publisher\" content=\"https:\/\/www.facebook.com\/profile.php?id=61582785307922\" \/>\n<meta property=\"article:modified_time\" content=\"2025-10-28T11:17:18+00:00\" \/>\n<meta name=\"twitter:card\" content=\"summary_large_image\" \/>\n<meta name=\"twitter:label1\" content=\"Dur\u00e9e de lecture estim\u00e9e\" \/>\n\t<meta name=\"twitter:data1\" content=\"2 minutes\" \/>\n<script type=\"application\/ld+json\" class=\"yoast-schema-graph\">{\"@context\":\"https:\/\/schema.org\",\"@graph\":[{\"@type\":\"WebPage\",\"@id\":\"https:\/\/soytuexportmanager.com\/fr\/nos-clients-et-nos-projets\/\",\"url\":\"https:\/\/soytuexportmanager.com\/fr\/nos-clients-et-nos-projets\/\",\"name\":\"Nos Clients Et Nos Projects - Soytuexportmanager\",\"isPartOf\":{\"@id\":\"https:\/\/soytuexportmanager.com\/#website\"},\"datePublished\":\"2025-10-21T13:46:20+00:00\",\"dateModified\":\"2025-10-28T11:17:18+00:00\",\"breadcrumb\":{\"@id\":\"https:\/\/soytuexportmanager.com\/fr\/nos-clients-et-nos-projets\/#breadcrumb\"},\"inLanguage\":\"fr-FR\",\"potentialAction\":[{\"@type\":\"ReadAction\",\"target\":[\"https:\/\/soytuexportmanager.com\/fr\/nos-clients-et-nos-projets\/\"]}]},{\"@type\":\"BreadcrumbList\",\"@id\":\"https:\/\/soytuexportmanager.com\/fr\/nos-clients-et-nos-projets\/#breadcrumb\",\"itemListElement\":[{\"@type\":\"ListItem\",\"position\":1,\"name\":\"Portada\",\"item\":\"https:\/\/soytuexportmanager.com\/fr\/\"},{\"@type\":\"ListItem\",\"position\":2,\"name\":\"Nos Clients Et Nos Projects\"}]},{\"@type\":\"WebSite\",\"@id\":\"https:\/\/soytuexportmanager.com\/#website\",\"url\":\"https:\/\/soytuexportmanager.com\/\",\"name\":\"Soytuexportmanager\",\"description\":\"Especialistas en mercados emergentes\",\"publisher\":{\"@id\":\"https:\/\/soytuexportmanager.com\/#organization\"},\"potentialAction\":[{\"@type\":\"SearchAction\",\"target\":{\"@type\":\"EntryPoint\",\"urlTemplate\":\"https:\/\/soytuexportmanager.com\/?s={search_term_string}\"},\"query-input\":{\"@type\":\"PropertyValueSpecification\",\"valueRequired\":true,\"valueName\":\"search_term_string\"}}],\"inLanguage\":\"fr-FR\"},{\"@type\":\"Organization\",\"@id\":\"https:\/\/soytuexportmanager.com\/#organization\",\"name\":\"Soytuexportmanager\",\"url\":\"https:\/\/soytuexportmanager.com\/\",\"logo\":{\"@type\":\"ImageObject\",\"inLanguage\":\"fr-FR\",\"@id\":\"https:\/\/soytuexportmanager.com\/#\/schema\/logo\/image\/\",\"url\":\"https:\/\/soytuexportmanager.com\/wp-content\/uploads\/2025\/10\/cropped-Favicon.png\",\"contentUrl\":\"https:\/\/soytuexportmanager.com\/wp-content\/uploads\/2025\/10\/cropped-Favicon.png\",\"width\":512,\"height\":512,\"caption\":\"Soytuexportmanager\"},\"image\":{\"@id\":\"https:\/\/soytuexportmanager.com\/#\/schema\/logo\/image\/\"},\"sameAs\":[\"https:\/\/www.facebook.com\/profile.php?id=61582785307922\",\"https:\/\/www.instagram.com\/soytuexportmanager\/\",\"https:\/\/www.linkedin.com\/company\/soytuexportmanager\"]}]}<\/script>\n<!-- \/ Yoast SEO plugin. -->","yoast_head_json":{"title":"Nos Clients Et Nos Projects - Soytuexportmanager","robots":{"index":"index","follow":"follow","max-snippet":"max-snippet:-1","max-image-preview":"max-image-preview:large","max-video-preview":"max-video-preview:-1"},"canonical":"https:\/\/soytuexportmanager.com\/fr\/nos-clients-et-nos-projets\/","og_locale":"fr_FR","og_type":"article","og_title":"Nos Clients Et Nos Projects - Soytuexportmanager","og_description":"[vc_row][vc_column][\/vc_column][\/vc_row][vc_row][vc_column width=\u00a0\u00bb1\/2&Prime; offset=\u00a0\u00bbvc_col-lg-4&Prime;][vc_column_text css=\u00a0\u00bb\u00a0\u00bb] Technologies de la sant\u00e9 [\/vc_column_text][\/vc_column][vc_column width=\u00a0\u00bb1\/3&Prime; offset=\u00a0\u00bbvc_hidden-md ...","og_url":"https:\/\/soytuexportmanager.com\/fr\/nos-clients-et-nos-projets\/","og_site_name":"Soytuexportmanager","article_publisher":"https:\/\/www.facebook.com\/profile.php?id=61582785307922","article_modified_time":"2025-10-28T11:17:18+00:00","twitter_card":"summary_large_image","twitter_misc":{"Dur\u00e9e de lecture estim\u00e9e":"2 minutes"},"schema":{"@context":"https:\/\/schema.org","@graph":[{"@type":"WebPage","@id":"https:\/\/soytuexportmanager.com\/fr\/nos-clients-et-nos-projets\/","url":"https:\/\/soytuexportmanager.com\/fr\/nos-clients-et-nos-projets\/","name":"Nos Clients Et Nos Projects - Soytuexportmanager","isPartOf":{"@id":"https:\/\/soytuexportmanager.com\/#website"},"datePublished":"2025-10-21T13:46:20+00:00","dateModified":"2025-10-28T11:17:18+00:00","breadcrumb":{"@id":"https:\/\/soytuexportmanager.com\/fr\/nos-clients-et-nos-projets\/#breadcrumb"},"inLanguage":"fr-FR","potentialAction":[{"@type":"ReadAction","target":["https:\/\/soytuexportmanager.com\/fr\/nos-clients-et-nos-projets\/"]}]},{"@type":"BreadcrumbList","@id":"https:\/\/soytuexportmanager.com\/fr\/nos-clients-et-nos-projets\/#breadcrumb","itemListElement":[{"@type":"ListItem","position":1,"name":"Portada","item":"https:\/\/soytuexportmanager.com\/fr\/"},{"@type":"ListItem","position":2,"name":"Nos Clients Et Nos Projects"}]},{"@type":"WebSite","@id":"https:\/\/soytuexportmanager.com\/#website","url":"https:\/\/soytuexportmanager.com\/","name":"Soytuexportmanager","description":"Especialistas en mercados emergentes","publisher":{"@id":"https:\/\/soytuexportmanager.com\/#organization"},"potentialAction":[{"@type":"SearchAction","target":{"@type":"EntryPoint","urlTemplate":"https:\/\/soytuexportmanager.com\/?s={search_term_string}"},"query-input":{"@type":"PropertyValueSpecification","valueRequired":true,"valueName":"search_term_string"}}],"inLanguage":"fr-FR"},{"@type":"Organization","@id":"https:\/\/soytuexportmanager.com\/#organization","name":"Soytuexportmanager","url":"https:\/\/soytuexportmanager.com\/","logo":{"@type":"ImageObject","inLanguage":"fr-FR","@id":"https:\/\/soytuexportmanager.com\/#\/schema\/logo\/image\/","url":"https:\/\/soytuexportmanager.com\/wp-content\/uploads\/2025\/10\/cropped-Favicon.png","contentUrl":"https:\/\/soytuexportmanager.com\/wp-content\/uploads\/2025\/10\/cropped-Favicon.png","width":512,"height":512,"caption":"Soytuexportmanager"},"image":{"@id":"https:\/\/soytuexportmanager.com\/#\/schema\/logo\/image\/"},"sameAs":["https:\/\/www.facebook.com\/profile.php?id=61582785307922","https:\/\/www.instagram.com\/soytuexportmanager\/","https:\/\/www.linkedin.com\/company\/soytuexportmanager"]}]}},"_links":{"self":[{"href":"https:\/\/soytuexportmanager.com\/fr\/wp-json\/wp\/v2\/pages\/1235","targetHints":{"allow":["GET"]}}],"collection":[{"href":"https:\/\/soytuexportmanager.com\/fr\/wp-json\/wp\/v2\/pages"}],"about":[{"href":"https:\/\/soytuexportmanager.com\/fr\/wp-json\/wp\/v2\/types\/page"}],"author":[{"embeddable":true,"href":"https:\/\/soytuexportmanager.com\/fr\/wp-json\/wp\/v2\/users\/1"}],"replies":[{"embeddable":true,"href":"https:\/\/soytuexportmanager.com\/fr\/wp-json\/wp\/v2\/comments?post=1235"}],"version-history":[{"count":9,"href":"https:\/\/soytuexportmanager.com\/fr\/wp-json\/wp\/v2\/pages\/1235\/revisions"}],"predecessor-version":[{"id":1413,"href":"https:\/\/soytuexportmanager.com\/fr\/wp-json\/wp\/v2\/pages\/1235\/revisions\/1413"}],"wp:attachment":[{"href":"https:\/\/soytuexportmanager.com\/fr\/wp-json\/wp\/v2\/media?parent=1235"}],"curies":[{"name":"wp","href":"https:\/\/api.w.org\/{rel}","templated":true}]}}