{"id":1250,"date":"2025-10-21T20:08:20","date_gmt":"2025-10-21T19:08:20","guid":{"rendered":"https:\/\/soytuexportmanager.com\/?page_id=1250"},"modified":"2025-10-28T11:57:43","modified_gmt":"2025-10-28T10:57:43","slug":"comment-nous-pouvons-vous-aider","status":"publish","type":"page","link":"https:\/\/soytuexportmanager.com\/fr\/comment-nous-pouvons-vous-aider\/","title":{"rendered":"Comment Nous Pouvons Vous Aider"},"content":{"rendered":"<div class=\"wpb-content-wrapper\"><p>[vc_row][vc_column css=\u00a0\u00bb.vc_custom_1761128238937{background-image: url(https:\/\/soytuexportmanager.com\/wp-content\/uploads\/2025\/10\/Imagen_en_que_podemos_ayudarte_azul-scaled.jpg?id=948) !important;background-position: center !important;background-repeat: no-repeat !important;background-size: cover;background-position:bottom !important;}\u00a0\u00bb][vc_column_text css=\u00a0\u00bb.vc_custom_1761648614331{padding-top: 100px !important;padding-bottom: 100px !important;background-position: center !important;background-repeat: no-repeat !important;background-size: cover !important;}\u00a0\u00bb]<\/p>\n<h1 style=\"text-align: center;\"><span style=\"color: #ffffff;\"><strong>Comment nous Pouvons vous aider<\/strong><\/span><\/h1>\n<p style=\"text-align: center;\"><span style=\"font-size: 18px; color: #ffffff;\">Que vous fassiez vos premiers pas dans l\u2019exportation, <\/span><span style=\"font-size: 18px; color: #ffffff;\">que vous cherchiez \u00e0 consolider votre pr\u00e9sence internationale ou \u00e0 ouvrir de nouveaux march\u00e9s, notre service SoytuExportManager est l\u00e0 pour vous accompagner.<\/span><\/p>\n<p>[\/vc_column_text][\/vc_column][\/vc_row][vc_row css=\u00a0\u00bb.vc_custom_1761129348366{padding-top: 50px !important;padding-bottom: 50px !important;}\u00a0\u00bb][vc_column]<div id=\"cz_35096\" class=\"cz_35096 services clr style1 left\"><div class=\"service_custom\"><i class=\"fas fa-gears\"><\/i><\/div><div class=\"service_text\"><h3>Soluciones espec\u00edficas seg\u00fan tu situaci\u00f3n<\/h3><div class=\"cz_wpe_content\"><\/div><\/div><\/div>[\/vc_column][\/vc_row][vc_row][vc_column]<div id=\"cz_88856\" data-arrows='{\"open\":\"fa fa-angle-down\",\"close\":\"fa fa-angle-up\"}' class=\"cz_88856 cz_acc clr cz_acc_first_open\"><div><div id=\"cz_102077\"><span class=\"cz_acc_child\"><div>Si vous commencez \u00e0 explorer les march\u00e9s internationaux:<\/div><\/span><div class=\"cz_acc_child_content clr\">[vc_column_text css=\u00a0\u00bb\u00a0\u00bb]<\/p>\n<ul>\n<li><span style=\"font-size: 17px;\"><strong>Diagnostic de viabilit\u00e9 \u00e0 l&rsquo;exportation : <\/strong>nous \u00e9valuons si votre entreprise est pr\u00eate \u00e0 exporter.<\/span><\/li>\n<li><span style=\"font-size: 17px;\"><strong>Analyse des march\u00e9s prioritaires : <\/strong>nous identifions les meilleures opportunit\u00e9s en fonction de votre profil.<\/span><\/li>\n<li><span style=\"font-size: 17px;\"><strong>Test de march\u00e9 contr\u00f4l\u00e9 : <\/strong>nous validons la demande avec un investissement minimum.<\/span><\/li>\n<li><span style=\"font-size: 17px;\"><strong>Formation au commerce international : <\/strong>nous vous formons aux incoterms, aux m\u00e9thodes de paiement et aux proc\u00e9dures.<\/span><\/li>\n<\/ul>\n<p>[\/vc_column_text]<\/div><\/div><div id=\"cz_26224\"><span class=\"cz_acc_child\"><div>Si vous exportez d\u00e9j\u00e0 mais souhaitez-vous d\u00e9velopper davantage:<\/div><\/span><div class=\"cz_acc_child_content clr\">[vc_column_text css=\u00a0\u00bb\u00a0\u00bb]<\/p>\n<ul>\n<li><span style=\"font-size: 17px;\"><strong>Diversification des march\u00e9s : <\/strong>nous vous aidons \u00e0 p\u00e9n\u00e9trer de nouveaux pays.<\/span><\/li>\n<li><span style=\"font-size: 17px;\"><strong>Optimisation des op\u00e9rations : <\/strong>nous am\u00e9liorons vos processus d&rsquo;exportation actuels.<\/span><\/li>\n<li><span style=\"font-size: 17px;\"><strong>D\u00e9veloppement de nouveaux canaux : <\/strong>nous identifions des distributeurs et des partenaires commerciaux.<\/span><\/li>\n<li><span style=\"font-size: 17px;\"><strong>D\u00e9veloppement des op\u00e9rations :<\/strong> Nous structurons la croissance de mani\u00e8re durable.<\/span><\/li>\n<\/ul>\n<p>[\/vc_column_text]<\/div><\/div><div id=\"cz_24161\"><span class=\"cz_acc_child\"><div>Si vous avez eu des exp\u00e9riences n\u00e9gatives en mati\u00e8re d'exportation:<\/div><\/span><div class=\"cz_acc_child_content clr\">[vc_column_text css=\u00a0\u00bb\u00a0\u00bb]<\/p>\n<ul>\n<li><span style=\"font-size: 17px;\"><strong>Diagnostic du probl\u00e8me : <\/strong>nous identifions ce qui n&rsquo;a pas fonctionn\u00e9 et comment y rem\u00e9dier.<\/span><\/li>\n<li><span style=\"font-size: 17px;\"><strong>Recouvrement des march\u00e9s : <\/strong>strat\u00e9gies de reconqu\u00eate des march\u00e9s perdus<strong>.<\/strong><\/span><\/li>\n<li><span style=\"font-size: 17px;\"><strong>Gestion de crise : <\/strong>nous r\u00e9solvons les probl\u00e8mes op\u00e9rationnels et commerciaux.<\/span><\/li>\n<li><span style=\"font-size: 17px;\"><strong>Restructuration de votre <em>approche <\/em>: <\/strong>nous red\u00e9finissons votre strat\u00e9gie internationale.<\/span><\/li>\n<\/ul>\n<p>[\/vc_column_text]<\/div><\/div><div id=\"cz_59898\"><span class=\"cz_acc_child\"><div>Si vous avez des produits sp\u00e9cialis\u00e9s ou complexes:<\/div><\/span><div class=\"cz_acc_child_content clr\">[vc_column_text css=\u00a0\u00bb\u00a0\u00bb]<\/p>\n<ul>\n<li><span style=\"font-size: 17px;\"><strong>Analyse sectorielle : <\/strong>nous comprenons les particularit\u00e9s de votre secteur.<\/span><\/li>\n<li><span style=\"font-size: 17px;\"><strong>Identification de niches :<\/strong> Nous trouvons des march\u00e9s sp\u00e9cifiques pour les produits sp\u00e9cialis\u00e9s<\/span><\/li>\n<li><span style=\"font-size: 17px;\"><strong>D\u00e9veloppement de <em>partenaires <\/em>techniques : <\/strong>nous identifions des distributeurs dot\u00e9s de capacit\u00e9s techniques.<\/span><\/li>\n<li><span style=\"font-size: 17px;\"><strong>Soutien aux appels d&rsquo;offres :<\/strong> Nous vous aidons \u00e0 participer aux appels d&rsquo;offres internationaux.<\/span><\/li>\n<\/ul>\n<p>[\/vc_column_text]<\/div><\/div><\/div><\/div>[\/vc_column][\/vc_row][vc_row css=\u00a0\u00bb.vc_custom_1761130807588{margin-top: 100px !important;margin-bottom: 50px !important;}\u00a0\u00bb][vc_column]<div id=\"cz_50454\" class=\"cz_50454 cz_title clr cz_title_pos_inline tac wpb_animate_when_almost_visible fadeInUp\"><div class=\"cz_title_content\"><div class=\"cz_wpe_content\"><h1 style=\"text-align: center;\"><span style=\"color: #0067b2;\"><strong>Nos march\u00e9s d&rsquo;expertise <\/strong><\/span><\/h1>\n<\/div><\/div><\/div>[\/vc_column][\/vc_row][vc_row][vc_column width=\u00a0\u00bb1\/3&Prime;]<div id=\"cz_16989\" class=\"cz_16989 services clr style1 services_b\"><div class=\"service_custom\"><i class=\"fa czico-072-check-mark\"><\/i><\/div><div class=\"service_text\"><h3>Afrique de l'Ouest (expertise unique)<\/h3><div class=\"cz_wpe_content\"><ul>\n<li style=\"text-align: left;\"><span style=\"font-size: 18px;\">15 ans d&rsquo;exp\u00e9rience sp\u00e9cialis\u00e9e.<\/span><\/li>\n<li style=\"text-align: left;\"><span style=\"font-size: 18px;\">R\u00e9seau \u00e9tabli de plus de 200 contacts d&rsquo;affaires.<\/span><\/li>\n<li style=\"text-align: left;\"><span style=\"font-size: 18px;\">Pr\u00e9sence physique r\u00e9guli\u00e8re dans la r\u00e9gion.<\/span><\/li>\n<li style=\"text-align: left;\"><span style=\"font-size: 18px;\">Connaissance approfondie des dynamiques culturelles et commerciales.<\/span><\/li>\n<\/ul>\n<p style=\"text-align: center;\"><span style=\"font-size: 18px;\"><strong>Pays prioritaires : <\/strong>S\u00e9n\u00e9gal, C\u00f4te d&rsquo;Ivoire, Ghana, Nigeria, Burkina Faso, Mali.<\/span><\/p>\n<\/div><\/div><\/div>[\/vc_column][vc_column width=\u00a0\u00bb1\/3&Prime;]<div id=\"cz_25885\" class=\"cz_25885 services clr style1 services_b\"><div class=\"service_custom\"><i class=\"fa czico-072-check-mark\"><\/i><\/div><div class=\"service_text\"><h3> Am\u00e9rique latine<\/h3><div class=\"cz_wpe_content\"><ul>\n<li style=\"text-align: left;\"><span style=\"font-size: 18px;\">Expertise des march\u00e9s du Pacifique.<\/span><\/li>\n<li style=\"text-align: left;\"><span style=\"font-size: 18px;\">Connaissance des accords commerciaux et des opportunit\u00e9s tarifaires.<\/span><\/li>\n<li style=\"text-align: left;\"><span style=\"font-size: 18px;\">R\u00e9seau de <em>partenaires <\/em>dans les grandes villes.<\/span><\/li>\n<\/ul>\n<p><span style=\"font-size: 18px;\"><strong>Pays prioritaires : <\/strong>Mexique, Colombie, P\u00e9rou, Chili, \u00c9quateur<\/span><\/div><\/div><\/div>[\/vc_column][vc_column width=\u00a0\u00bb1\/3&Prime;]<div id=\"cz_37747\" class=\"cz_37747 services clr style1 services_b\"><div class=\"service_custom\"><i class=\"fa czico-072-check-mark\"><\/i><\/div><div class=\"service_text\"><h3>L'Europe<\/h3><div class=\"cz_wpe_content\"><ul>\n<li style=\"text-align: left;\"><span style=\"font-size: 18px;\">Accent mis sur l&rsquo;Europe de l&rsquo;Est et les march\u00e9s \u00e9mergents.<\/span><\/li>\n<li style=\"text-align: left;\"><span style=\"font-size: 18px;\"><em>Expertise <\/em>en mati\u00e8re de r\u00e9glementations europ\u00e9ennes et de processus d&rsquo;homologation.<\/span><\/li>\n<li style=\"text-align: left;\"><span style=\"font-size: 18px;\">Acc\u00e8s aux programmes de financement europ\u00e9ens.<\/span><\/li>\n<\/ul>\n<p><span style=\"font-size: 18px;\"><strong>Pays prioritaires : <\/strong>Pologne, R\u00e9publique tch\u00e8que, Roumanie, Pays Baltes.<\/span><\/div><\/div><\/div>[\/vc_column][\/vc_row]<\/p>\n<\/div>","protected":false},"excerpt":{"rendered":"<p>[vc_row][vc_column css=\u00a0\u00bb.vc_custom_1761128238937{background-image: url(https:\/\/soytuexportmanager.com\/wp-content\/uploads\/2025\/10\/Imagen_en_que_podemos_ayudarte_azul-scaled.jpg?id=948) !important;background-position: center !important;background-repeat: no-repeat !important;background-size: cover;background-position:bottom !important;}\u00a0\u00bb][vc_column_text css=\u00a0\u00bb.vc_custom_1761648614331{padding-top: &#8230; <\/p>\n","protected":false},"author":1,"featured_media":0,"parent":0,"menu_order":0,"comment_status":"closed","ping_status":"closed","template":"","meta":{"footnotes":""},"class_list":["post-1250","page","type-page","status-publish","hentry"],"yoast_head":"<!-- This site is optimized with the Yoast SEO plugin v26.2 - https:\/\/yoast.com\/wordpress\/plugins\/seo\/ -->\n<title>Comment Nous Pouvons Vous Aider - Soytuexportmanager<\/title>\n<meta name=\"robots\" content=\"index, follow, max-snippet:-1, max-image-preview:large, max-video-preview:-1\" \/>\n<link rel=\"canonical\" href=\"https:\/\/soytuexportmanager.com\/fr\/comment-nous-pouvons-vous-aider\/\" \/>\n<meta property=\"og:locale\" content=\"fr_FR\" \/>\n<meta property=\"og:type\" content=\"article\" \/>\n<meta property=\"og:title\" content=\"Comment Nous Pouvons Vous Aider - Soytuexportmanager\" \/>\n<meta property=\"og:description\" content=\"[vc_row][vc_column css=\u00a0\u00bb.vc_custom_1761128238937{background-image: url(https:\/\/soytuexportmanager.com\/wp-content\/uploads\/2025\/10\/Imagen_en_que_podemos_ayudarte_azul-scaled.jpg?id=948) !important;background-position: center !important;background-repeat: no-repeat !important;background-size: cover;background-position:bottom !important;}\u00a0\u00bb][vc_column_text css=\u00a0\u00bb.vc_custom_1761648614331{padding-top: ...\" \/>\n<meta property=\"og:url\" content=\"https:\/\/soytuexportmanager.com\/fr\/comment-nous-pouvons-vous-aider\/\" \/>\n<meta property=\"og:site_name\" content=\"Soytuexportmanager\" \/>\n<meta property=\"article:publisher\" content=\"https:\/\/www.facebook.com\/profile.php?id=61582785307922\" \/>\n<meta property=\"article:modified_time\" content=\"2025-10-28T10:57:43+00:00\" \/>\n<meta name=\"twitter:card\" content=\"summary_large_image\" \/>\n<meta name=\"twitter:label1\" content=\"Dur\u00e9e de lecture estim\u00e9e\" \/>\n\t<meta name=\"twitter:data1\" content=\"2 minutes\" \/>\n<script type=\"application\/ld+json\" class=\"yoast-schema-graph\">{\"@context\":\"https:\/\/schema.org\",\"@graph\":[{\"@type\":\"WebPage\",\"@id\":\"https:\/\/soytuexportmanager.com\/fr\/comment-nous-pouvons-vous-aider\/\",\"url\":\"https:\/\/soytuexportmanager.com\/fr\/comment-nous-pouvons-vous-aider\/\",\"name\":\"Comment Nous Pouvons Vous Aider - Soytuexportmanager\",\"isPartOf\":{\"@id\":\"https:\/\/soytuexportmanager.com\/#website\"},\"datePublished\":\"2025-10-21T19:08:20+00:00\",\"dateModified\":\"2025-10-28T10:57:43+00:00\",\"breadcrumb\":{\"@id\":\"https:\/\/soytuexportmanager.com\/fr\/comment-nous-pouvons-vous-aider\/#breadcrumb\"},\"inLanguage\":\"fr-FR\",\"potentialAction\":[{\"@type\":\"ReadAction\",\"target\":[\"https:\/\/soytuexportmanager.com\/fr\/comment-nous-pouvons-vous-aider\/\"]}]},{\"@type\":\"BreadcrumbList\",\"@id\":\"https:\/\/soytuexportmanager.com\/fr\/comment-nous-pouvons-vous-aider\/#breadcrumb\",\"itemListElement\":[{\"@type\":\"ListItem\",\"position\":1,\"name\":\"Portada\",\"item\":\"https:\/\/soytuexportmanager.com\/fr\/\"},{\"@type\":\"ListItem\",\"position\":2,\"name\":\"Comment Nous Pouvons Vous Aider\"}]},{\"@type\":\"WebSite\",\"@id\":\"https:\/\/soytuexportmanager.com\/#website\",\"url\":\"https:\/\/soytuexportmanager.com\/\",\"name\":\"Soytuexportmanager\",\"description\":\"Especialistas en mercados emergentes\",\"publisher\":{\"@id\":\"https:\/\/soytuexportmanager.com\/#organization\"},\"potentialAction\":[{\"@type\":\"SearchAction\",\"target\":{\"@type\":\"EntryPoint\",\"urlTemplate\":\"https:\/\/soytuexportmanager.com\/?s={search_term_string}\"},\"query-input\":{\"@type\":\"PropertyValueSpecification\",\"valueRequired\":true,\"valueName\":\"search_term_string\"}}],\"inLanguage\":\"fr-FR\"},{\"@type\":\"Organization\",\"@id\":\"https:\/\/soytuexportmanager.com\/#organization\",\"name\":\"Soytuexportmanager\",\"url\":\"https:\/\/soytuexportmanager.com\/\",\"logo\":{\"@type\":\"ImageObject\",\"inLanguage\":\"fr-FR\",\"@id\":\"https:\/\/soytuexportmanager.com\/#\/schema\/logo\/image\/\",\"url\":\"https:\/\/soytuexportmanager.com\/wp-content\/uploads\/2025\/10\/cropped-Favicon.png\",\"contentUrl\":\"https:\/\/soytuexportmanager.com\/wp-content\/uploads\/2025\/10\/cropped-Favicon.png\",\"width\":512,\"height\":512,\"caption\":\"Soytuexportmanager\"},\"image\":{\"@id\":\"https:\/\/soytuexportmanager.com\/#\/schema\/logo\/image\/\"},\"sameAs\":[\"https:\/\/www.facebook.com\/profile.php?id=61582785307922\",\"https:\/\/www.instagram.com\/soytuexportmanager\/\",\"https:\/\/www.linkedin.com\/company\/soytuexportmanager\"]}]}<\/script>\n<!-- \/ Yoast SEO plugin. -->","yoast_head_json":{"title":"Comment Nous Pouvons Vous Aider - Soytuexportmanager","robots":{"index":"index","follow":"follow","max-snippet":"max-snippet:-1","max-image-preview":"max-image-preview:large","max-video-preview":"max-video-preview:-1"},"canonical":"https:\/\/soytuexportmanager.com\/fr\/comment-nous-pouvons-vous-aider\/","og_locale":"fr_FR","og_type":"article","og_title":"Comment Nous Pouvons Vous Aider - Soytuexportmanager","og_description":"[vc_row][vc_column css=\u00a0\u00bb.vc_custom_1761128238937{background-image: url(https:\/\/soytuexportmanager.com\/wp-content\/uploads\/2025\/10\/Imagen_en_que_podemos_ayudarte_azul-scaled.jpg?id=948) !important;background-position: center !important;background-repeat: no-repeat !important;background-size: cover;background-position:bottom !important;}\u00a0\u00bb][vc_column_text css=\u00a0\u00bb.vc_custom_1761648614331{padding-top: ...","og_url":"https:\/\/soytuexportmanager.com\/fr\/comment-nous-pouvons-vous-aider\/","og_site_name":"Soytuexportmanager","article_publisher":"https:\/\/www.facebook.com\/profile.php?id=61582785307922","article_modified_time":"2025-10-28T10:57:43+00:00","twitter_card":"summary_large_image","twitter_misc":{"Dur\u00e9e de lecture estim\u00e9e":"2 minutes"},"schema":{"@context":"https:\/\/schema.org","@graph":[{"@type":"WebPage","@id":"https:\/\/soytuexportmanager.com\/fr\/comment-nous-pouvons-vous-aider\/","url":"https:\/\/soytuexportmanager.com\/fr\/comment-nous-pouvons-vous-aider\/","name":"Comment Nous Pouvons Vous Aider - Soytuexportmanager","isPartOf":{"@id":"https:\/\/soytuexportmanager.com\/#website"},"datePublished":"2025-10-21T19:08:20+00:00","dateModified":"2025-10-28T10:57:43+00:00","breadcrumb":{"@id":"https:\/\/soytuexportmanager.com\/fr\/comment-nous-pouvons-vous-aider\/#breadcrumb"},"inLanguage":"fr-FR","potentialAction":[{"@type":"ReadAction","target":["https:\/\/soytuexportmanager.com\/fr\/comment-nous-pouvons-vous-aider\/"]}]},{"@type":"BreadcrumbList","@id":"https:\/\/soytuexportmanager.com\/fr\/comment-nous-pouvons-vous-aider\/#breadcrumb","itemListElement":[{"@type":"ListItem","position":1,"name":"Portada","item":"https:\/\/soytuexportmanager.com\/fr\/"},{"@type":"ListItem","position":2,"name":"Comment Nous Pouvons Vous Aider"}]},{"@type":"WebSite","@id":"https:\/\/soytuexportmanager.com\/#website","url":"https:\/\/soytuexportmanager.com\/","name":"Soytuexportmanager","description":"Especialistas en mercados emergentes","publisher":{"@id":"https:\/\/soytuexportmanager.com\/#organization"},"potentialAction":[{"@type":"SearchAction","target":{"@type":"EntryPoint","urlTemplate":"https:\/\/soytuexportmanager.com\/?s={search_term_string}"},"query-input":{"@type":"PropertyValueSpecification","valueRequired":true,"valueName":"search_term_string"}}],"inLanguage":"fr-FR"},{"@type":"Organization","@id":"https:\/\/soytuexportmanager.com\/#organization","name":"Soytuexportmanager","url":"https:\/\/soytuexportmanager.com\/","logo":{"@type":"ImageObject","inLanguage":"fr-FR","@id":"https:\/\/soytuexportmanager.com\/#\/schema\/logo\/image\/","url":"https:\/\/soytuexportmanager.com\/wp-content\/uploads\/2025\/10\/cropped-Favicon.png","contentUrl":"https:\/\/soytuexportmanager.com\/wp-content\/uploads\/2025\/10\/cropped-Favicon.png","width":512,"height":512,"caption":"Soytuexportmanager"},"image":{"@id":"https:\/\/soytuexportmanager.com\/#\/schema\/logo\/image\/"},"sameAs":["https:\/\/www.facebook.com\/profile.php?id=61582785307922","https:\/\/www.instagram.com\/soytuexportmanager\/","https:\/\/www.linkedin.com\/company\/soytuexportmanager"]}]}},"_links":{"self":[{"href":"https:\/\/soytuexportmanager.com\/fr\/wp-json\/wp\/v2\/pages\/1250","targetHints":{"allow":["GET"]}}],"collection":[{"href":"https:\/\/soytuexportmanager.com\/fr\/wp-json\/wp\/v2\/pages"}],"about":[{"href":"https:\/\/soytuexportmanager.com\/fr\/wp-json\/wp\/v2\/types\/page"}],"author":[{"embeddable":true,"href":"https:\/\/soytuexportmanager.com\/fr\/wp-json\/wp\/v2\/users\/1"}],"replies":[{"embeddable":true,"href":"https:\/\/soytuexportmanager.com\/fr\/wp-json\/wp\/v2\/comments?post=1250"}],"version-history":[{"count":4,"href":"https:\/\/soytuexportmanager.com\/fr\/wp-json\/wp\/v2\/pages\/1250\/revisions"}],"predecessor-version":[{"id":1410,"href":"https:\/\/soytuexportmanager.com\/fr\/wp-json\/wp\/v2\/pages\/1250\/revisions\/1410"}],"wp:attachment":[{"href":"https:\/\/soytuexportmanager.com\/fr\/wp-json\/wp\/v2\/media?parent=1250"}],"curies":[{"name":"wp","href":"https:\/\/api.w.org\/{rel}","templated":true}]}}