{"id":1289,"date":"2025-10-12T22:00:00","date_gmt":"2025-10-12T20:00:00","guid":{"rendered":"https:\/\/soytuexportmanager.com\/?page_id=1289"},"modified":"2025-10-28T17:06:48","modified_gmt":"2025-10-28T16:06:48","slug":"politique-de-confidentialite","status":"publish","type":"page","link":"https:\/\/soytuexportmanager.com\/fr\/politique-de-confidentialite\/","title":{"rendered":"politique-de-confidentialite"},"content":{"rendered":"<div class=\"wpb-content-wrapper\"><p>[vc_row][vc_column][vc_column_text css=\u00a0\u00bb\u00a0\u00bb]<\/p>\n<h2 data-start=\"2447\" data-end=\"2513\"><span style=\"color: #0067b2; font-size: 22px;\">Politique de Confidentialit\u00e9 et Protection des Donn\u00e9es<\/span><\/h2>\n<p data-start=\"2515\" data-end=\"2672\">La Politique de Confidentialit\u00e9 et de Protection des Donn\u00e9es fait partie de l\u2019Avis L\u00e9gal et des Conditions d\u2019Utilisation qui r\u00e9gissent le pr\u00e9sent site web.<\/p>\n<p data-start=\"2674\" data-end=\"2992\">Les donn\u00e9es personnelles fournies par voie \u00e9lectronique \u00e0 travers les formulaires pr\u00e9sents sur le site seront trait\u00e9es afin de r\u00e9pondre \u00e0 votre demande, de vous envoyer de la publicit\u00e9 sur nos produits\/services par tout moyen (physique ou \u00e9lectronique) et de vous inviter \u00e0 des \u00e9v\u00e9nements organis\u00e9s par l\u2019entreprise.<\/p>\n<h3 data-start=\"2994\" data-end=\"3042\"><strong><span style=\"color: #0067b2; font-size: 20px;\">Informations sur le traitement des donn\u00e9es<\/span><\/strong><\/h3>\n<p data-start=\"3044\" data-end=\"3199\"><span style=\"color: #0067b2;\"><strong data-start=\"3044\" data-end=\"3075\">Responsable du traitement :<\/strong><\/span><br data-start=\"3075\" data-end=\"3078\"><span style=\"color: #0067b2;\"><strong data-start=\"3078\" data-end=\"3091\">IBC SPAIN<\/strong><\/span><br data-start=\"3091\" data-end=\"3094\">Adresse : CALLE RUIZ DE ALDA, 12, 1D, 35007, LAS PALMAS DE GRAN CANARIA<br data-start=\"3165\" data-end=\"3168\">Courriel : <a class=\"decorated-link cursor-pointer\" rel=\"noopener\" data-start=\"3179\" data-end=\"3197\">navin@ibcspain.com<\/a><\/p>\n<h3 data-start=\"3206\" data-end=\"3234\"><strong><span style=\"font-size: 20px; color: #0067b2;\">Finalit\u00e9 du traitement<\/span><\/strong><\/h3>\n<p data-start=\"3236\" data-end=\"3551\">Envoyer des informations et des offres commerciales.<br data-start=\"3288\" data-end=\"3291\">Afin de vous proposer des produits et services adapt\u00e9s \u00e0 vos int\u00e9r\u00eats et d\u2019am\u00e9liorer votre exp\u00e9rience utilisateur, un profil commercial pourra \u00eatre \u00e9tabli \u00e0 partir des informations fournies. Aucune d\u00e9cision automatis\u00e9e ne sera prise sur la base de ce profil.<\/p>\n<h3 data-start=\"3558\" data-end=\"3599\"><span style=\"color: #0067b2;\"><strong>D\u00e9l\u00e9gu\u00e9 \u00e0 la Protection des Donn\u00e9es<\/strong><\/span><\/h3>\n<p data-start=\"3601\" data-end=\"3667\"><span style=\"color: #0067b2;\"><strong data-start=\"3601\" data-end=\"3614\">D\u00e9l\u00e9gu\u00e9 :<\/strong> <\/span>Navin Khemlani<br data-start=\"3629\" data-end=\"3632\"><span style=\"color: #0067b2;\"><strong data-start=\"3632\" data-end=\"3646\">Courriel :<\/strong><\/span> <a class=\"decorated-link cursor-pointer\" rel=\"noopener\" data-start=\"3647\" data-end=\"3665\">navin@ibcspain.com<\/a><\/p>\n<h3 data-start=\"3674\" data-end=\"3713\"><span style=\"color: #0067b2;\"><strong>Dur\u00e9e de conservation des donn\u00e9es<\/strong><\/span><\/h3>\n<p data-start=\"3715\" data-end=\"3862\">Les donn\u00e9es seront conserv\u00e9es pendant la dur\u00e9e de la relation contractuelle et <span style=\"color: #0067b2;\"><strong data-start=\"3794\" data-end=\"3811\">pendant un an<\/strong><\/span> \u00e0 compter de la derni\u00e8re confirmation d\u2019int\u00e9r\u00eat.<\/p>\n<h3 data-start=\"3869\" data-end=\"3900\"><strong><span style=\"color: #0067b2; font-size: 20px;\">Base l\u00e9gale du traitement<\/span><\/strong><\/h3>\n<p data-start=\"3902\" data-end=\"4071\">L\u2019offre commerciale de produits et services repose sur votre consentement. Le retrait du consentement ne conditionnera en aucun cas l\u2019ex\u00e9cution du contrat de services.<\/p>\n<h3 data-start=\"4078\" data-end=\"4109\"><strong><span style=\"font-size: 20px; color: #0067b2;\">Destinataires des donn\u00e9es<\/span><\/strong><\/h3>\n<p data-start=\"4111\" data-end=\"4168\">Les donn\u00e9es pourront \u00eatre communiqu\u00e9es \u00e0 <span style=\"color: #0067b2;\"><strong data-start=\"4152\" data-end=\"4165\">IBC SPAIN<\/strong><\/span>.<\/p>\n<h3 data-start=\"4175\" data-end=\"4212\"><strong><span style=\"font-size: 20px; color: #0067b2;\">Droits des personnes concern\u00e9es<\/span><\/strong><\/h3>\n<p data-start=\"4214\" data-end=\"4630\">Toute personne a le droit d\u2019obtenir la confirmation que nous traitons ou non des donn\u00e9es personnelles la concernant.<br data-start=\"4330\" data-end=\"4333\">Les personnes concern\u00e9es ont le droit d\u2019acc\u00e9der \u00e0 leurs donn\u00e9es personnelles, de demander la rectification des donn\u00e9es inexactes ou, le cas \u00e9ch\u00e9ant, de demander leur suppression lorsque, entre autres motifs, les donn\u00e9es ne sont plus n\u00e9cessaires aux fins pour lesquelles elles ont \u00e9t\u00e9 collect\u00e9es.<\/p>\n<p data-start=\"4632\" data-end=\"5007\">Dans certaines circonstances, les personnes concern\u00e9es peuvent demander la limitation du traitement de leurs donn\u00e9es, auquel cas celles-ci ne seront conserv\u00e9es que pour l\u2019exercice ou la d\u00e9fense de r\u00e9clamations.<br data-start=\"4842\" data-end=\"4845\">Dans certaines circonstances et pour des raisons li\u00e9es \u00e0 leur situation particuli\u00e8re, les personnes concern\u00e9es peuvent s\u2019opposer au traitement de leurs donn\u00e9es.<\/p>\n<p>[\/vc_column_text][\/vc_column][\/vc_row]<\/p>\n<\/div>","protected":false},"excerpt":{"rendered":"<p>[vc_row][vc_column][vc_column_text css=\u00a0\u00bb\u00a0\u00bb] Politique de Confidentialit\u00e9 et Protection des Donn\u00e9es La Politique &#8230; <\/p>\n","protected":false},"author":1,"featured_media":0,"parent":0,"menu_order":0,"comment_status":"closed","ping_status":"open","template":"","meta":{"footnotes":""},"class_list":["post-1289","page","type-page","status-publish","hentry"],"yoast_head":"<!-- This site is optimized with the Yoast SEO plugin v26.2 - https:\/\/yoast.com\/wordpress\/plugins\/seo\/ -->\n<title>politique-de-confidentialite - Soytuexportmanager<\/title>\n<meta name=\"robots\" content=\"index, follow, max-snippet:-1, max-image-preview:large, max-video-preview:-1\" \/>\n<link rel=\"canonical\" href=\"https:\/\/soytuexportmanager.com\/politica-de-privacidad\/\" \/>\n<meta property=\"og:locale\" content=\"fr_FR\" \/>\n<meta property=\"og:type\" content=\"article\" \/>\n<meta property=\"og:title\" content=\"politique-de-confidentialite - Soytuexportmanager\" \/>\n<meta property=\"og:description\" content=\"[vc_row][vc_column][vc_column_text css=\u00a0\u00bb\u00a0\u00bb] Politique de Confidentialit\u00e9 et Protection des Donn\u00e9es La Politique ...\" \/>\n<meta property=\"og:url\" content=\"https:\/\/soytuexportmanager.com\/politica-de-privacidad\/\" \/>\n<meta property=\"og:site_name\" content=\"Soytuexportmanager\" \/>\n<meta property=\"article:publisher\" content=\"https:\/\/www.facebook.com\/profile.php?id=61582785307922\" \/>\n<meta property=\"article:modified_time\" content=\"2025-10-28T16:06:48+00:00\" \/>\n<meta name=\"twitter:card\" content=\"summary_large_image\" \/>\n<meta name=\"twitter:label1\" content=\"Dur\u00e9e de lecture estim\u00e9e\" \/>\n\t<meta name=\"twitter:data1\" content=\"3 minutes\" \/>\n<script type=\"application\/ld+json\" class=\"yoast-schema-graph\">{\"@context\":\"https:\/\/schema.org\",\"@graph\":[{\"@type\":\"WebPage\",\"@id\":\"https:\/\/soytuexportmanager.com\/politica-de-privacidad\/\",\"url\":\"https:\/\/soytuexportmanager.com\/politica-de-privacidad\/\",\"name\":\"politique-de-confidentialite - Soytuexportmanager\",\"isPartOf\":{\"@id\":\"https:\/\/soytuexportmanager.com\/#website\"},\"datePublished\":\"2025-10-12T20:00:00+00:00\",\"dateModified\":\"2025-10-28T16:06:48+00:00\",\"breadcrumb\":{\"@id\":\"https:\/\/soytuexportmanager.com\/politica-de-privacidad\/#breadcrumb\"},\"inLanguage\":\"fr-FR\",\"potentialAction\":[{\"@type\":\"ReadAction\",\"target\":[\"https:\/\/soytuexportmanager.com\/politica-de-privacidad\/\"]}]},{\"@type\":\"BreadcrumbList\",\"@id\":\"https:\/\/soytuexportmanager.com\/politica-de-privacidad\/#breadcrumb\",\"itemListElement\":[{\"@type\":\"ListItem\",\"position\":1,\"name\":\"Portada\",\"item\":\"https:\/\/soytuexportmanager.com\/fr\/\"},{\"@type\":\"ListItem\",\"position\":2,\"name\":\"politique-de-confidentialite\"}]},{\"@type\":\"WebSite\",\"@id\":\"https:\/\/soytuexportmanager.com\/#website\",\"url\":\"https:\/\/soytuexportmanager.com\/\",\"name\":\"Soytuexportmanager\",\"description\":\"Especialistas en mercados emergentes\",\"publisher\":{\"@id\":\"https:\/\/soytuexportmanager.com\/#organization\"},\"potentialAction\":[{\"@type\":\"SearchAction\",\"target\":{\"@type\":\"EntryPoint\",\"urlTemplate\":\"https:\/\/soytuexportmanager.com\/?s={search_term_string}\"},\"query-input\":{\"@type\":\"PropertyValueSpecification\",\"valueRequired\":true,\"valueName\":\"search_term_string\"}}],\"inLanguage\":\"fr-FR\"},{\"@type\":\"Organization\",\"@id\":\"https:\/\/soytuexportmanager.com\/#organization\",\"name\":\"Soytuexportmanager\",\"url\":\"https:\/\/soytuexportmanager.com\/\",\"logo\":{\"@type\":\"ImageObject\",\"inLanguage\":\"fr-FR\",\"@id\":\"https:\/\/soytuexportmanager.com\/#\/schema\/logo\/image\/\",\"url\":\"https:\/\/soytuexportmanager.com\/wp-content\/uploads\/2025\/10\/cropped-Favicon.png\",\"contentUrl\":\"https:\/\/soytuexportmanager.com\/wp-content\/uploads\/2025\/10\/cropped-Favicon.png\",\"width\":512,\"height\":512,\"caption\":\"Soytuexportmanager\"},\"image\":{\"@id\":\"https:\/\/soytuexportmanager.com\/#\/schema\/logo\/image\/\"},\"sameAs\":[\"https:\/\/www.facebook.com\/profile.php?id=61582785307922\",\"https:\/\/www.instagram.com\/soytuexportmanager\/\",\"https:\/\/www.linkedin.com\/company\/soytuexportmanager\"]}]}<\/script>\n<!-- \/ Yoast SEO plugin. -->","yoast_head_json":{"title":"politique-de-confidentialite - Soytuexportmanager","robots":{"index":"index","follow":"follow","max-snippet":"max-snippet:-1","max-image-preview":"max-image-preview:large","max-video-preview":"max-video-preview:-1"},"canonical":"https:\/\/soytuexportmanager.com\/politica-de-privacidad\/","og_locale":"fr_FR","og_type":"article","og_title":"politique-de-confidentialite - Soytuexportmanager","og_description":"[vc_row][vc_column][vc_column_text css=\u00a0\u00bb\u00a0\u00bb] Politique de Confidentialit\u00e9 et Protection des Donn\u00e9es La Politique ...","og_url":"https:\/\/soytuexportmanager.com\/politica-de-privacidad\/","og_site_name":"Soytuexportmanager","article_publisher":"https:\/\/www.facebook.com\/profile.php?id=61582785307922","article_modified_time":"2025-10-28T16:06:48+00:00","twitter_card":"summary_large_image","twitter_misc":{"Dur\u00e9e de lecture estim\u00e9e":"3 minutes"},"schema":{"@context":"https:\/\/schema.org","@graph":[{"@type":"WebPage","@id":"https:\/\/soytuexportmanager.com\/politica-de-privacidad\/","url":"https:\/\/soytuexportmanager.com\/politica-de-privacidad\/","name":"politique-de-confidentialite - Soytuexportmanager","isPartOf":{"@id":"https:\/\/soytuexportmanager.com\/#website"},"datePublished":"2025-10-12T20:00:00+00:00","dateModified":"2025-10-28T16:06:48+00:00","breadcrumb":{"@id":"https:\/\/soytuexportmanager.com\/politica-de-privacidad\/#breadcrumb"},"inLanguage":"fr-FR","potentialAction":[{"@type":"ReadAction","target":["https:\/\/soytuexportmanager.com\/politica-de-privacidad\/"]}]},{"@type":"BreadcrumbList","@id":"https:\/\/soytuexportmanager.com\/politica-de-privacidad\/#breadcrumb","itemListElement":[{"@type":"ListItem","position":1,"name":"Portada","item":"https:\/\/soytuexportmanager.com\/fr\/"},{"@type":"ListItem","position":2,"name":"politique-de-confidentialite"}]},{"@type":"WebSite","@id":"https:\/\/soytuexportmanager.com\/#website","url":"https:\/\/soytuexportmanager.com\/","name":"Soytuexportmanager","description":"Especialistas en mercados emergentes","publisher":{"@id":"https:\/\/soytuexportmanager.com\/#organization"},"potentialAction":[{"@type":"SearchAction","target":{"@type":"EntryPoint","urlTemplate":"https:\/\/soytuexportmanager.com\/?s={search_term_string}"},"query-input":{"@type":"PropertyValueSpecification","valueRequired":true,"valueName":"search_term_string"}}],"inLanguage":"fr-FR"},{"@type":"Organization","@id":"https:\/\/soytuexportmanager.com\/#organization","name":"Soytuexportmanager","url":"https:\/\/soytuexportmanager.com\/","logo":{"@type":"ImageObject","inLanguage":"fr-FR","@id":"https:\/\/soytuexportmanager.com\/#\/schema\/logo\/image\/","url":"https:\/\/soytuexportmanager.com\/wp-content\/uploads\/2025\/10\/cropped-Favicon.png","contentUrl":"https:\/\/soytuexportmanager.com\/wp-content\/uploads\/2025\/10\/cropped-Favicon.png","width":512,"height":512,"caption":"Soytuexportmanager"},"image":{"@id":"https:\/\/soytuexportmanager.com\/#\/schema\/logo\/image\/"},"sameAs":["https:\/\/www.facebook.com\/profile.php?id=61582785307922","https:\/\/www.instagram.com\/soytuexportmanager\/","https:\/\/www.linkedin.com\/company\/soytuexportmanager"]}]}},"_links":{"self":[{"href":"https:\/\/soytuexportmanager.com\/fr\/wp-json\/wp\/v2\/pages\/1289","targetHints":{"allow":["GET"]}}],"collection":[{"href":"https:\/\/soytuexportmanager.com\/fr\/wp-json\/wp\/v2\/pages"}],"about":[{"href":"https:\/\/soytuexportmanager.com\/fr\/wp-json\/wp\/v2\/types\/page"}],"author":[{"embeddable":true,"href":"https:\/\/soytuexportmanager.com\/fr\/wp-json\/wp\/v2\/users\/1"}],"replies":[{"embeddable":true,"href":"https:\/\/soytuexportmanager.com\/fr\/wp-json\/wp\/v2\/comments?post=1289"}],"version-history":[{"count":3,"href":"https:\/\/soytuexportmanager.com\/fr\/wp-json\/wp\/v2\/pages\/1289\/revisions"}],"predecessor-version":[{"id":1463,"href":"https:\/\/soytuexportmanager.com\/fr\/wp-json\/wp\/v2\/pages\/1289\/revisions\/1463"}],"wp:attachment":[{"href":"https:\/\/soytuexportmanager.com\/fr\/wp-json\/wp\/v2\/media?parent=1289"}],"curies":[{"name":"wp","href":"https:\/\/api.w.org\/{rel}","templated":true}]}}