{"id":1301,"date":"2025-10-25T23:00:51","date_gmt":"2025-10-25T21:00:51","guid":{"rendered":"https:\/\/soytuexportmanager.com\/?page_id=1301"},"modified":"2025-10-28T16:02:08","modified_gmt":"2025-10-28T15:02:08","slug":"politica-de-cookies-fra","status":"publish","type":"page","link":"https:\/\/soytuexportmanager.com\/fr\/politica-de-cookies-fra\/","title":{"rendered":"Pol\u00edtica de cookies FRA"},"content":{"rendered":"<div class=\"wpb-content-wrapper\"><p>[vc_row][vc_column][vc_column_text css=\u00a0\u00bb\u00a0\u00bb]<\/p>\n<h3 data-start=\"3586\" data-end=\"3610\"><strong><span style=\"color: #0067b2; font-size: 22px;\">Politique de Cookies<\/span><\/strong><\/h3>\n<p data-start=\"3612\" data-end=\"3740\">La Politique de Cookies fait partie de l\u2019Avis L\u00e9gal et des Conditions d\u2019Utilisation du site web qui r\u00e9gissent le pr\u00e9sent site.<\/p>\n<h3 data-start=\"3742\" data-end=\"3768\"><strong><span style=\"font-size: 20px; color: #0067b2;\">Que sont les cookies ?<\/span><\/strong><\/h3>\n<p data-start=\"3770\" data-end=\"4204\">Un cookie est un fichier qui est t\u00e9l\u00e9charg\u00e9 sur votre ordinateur lorsque vous acc\u00e9dez \u00e0 certaines pages web. Les cookies permettent \u00e0 un site web, entre autres, de stocker et de r\u00e9cup\u00e9rer des informations concernant les habitudes de navigation d\u2019un utilisateur ou de son \u00e9quipement et, selon les informations qu\u2019ils contiennent et la mani\u00e8re dont vous utilisez votre appareil, ils peuvent \u00eatre utilis\u00e9s pour reconna\u00eetre l\u2019utilisateur.<\/p>\n<h3 data-start=\"4206\" data-end=\"4259\"><strong><span style=\"font-size: 22px; color: #0067b2;\">Quels types de cookies ce site web utilise-t-il ?<\/span><\/strong><\/h3>\n<p data-start=\"4261\" data-end=\"4626\"><span style=\"color: #0067b2;\"><strong data-start=\"4261\" data-end=\"4284\">Cookies d\u2019analyse :<\/strong><\/span><br data-start=\"4284\" data-end=\"4287\">Ce sont ceux qui, trait\u00e9s par nous ou par des tiers, nous permettent de quantifier le nombre d\u2019utilisateurs et ainsi de r\u00e9aliser la mesure et l\u2019analyse statistique de l\u2019utilisation du service propos\u00e9. Pour cela, nous analysons votre navigation sur notre site web afin d\u2019am\u00e9liorer l\u2019offre de produits ou de services que nous vous proposons.<\/p>\n<p data-start=\"4628\" data-end=\"5084\"><span style=\"color: #0067b2;\"><strong data-start=\"4628\" data-end=\"4655\">Cookies publicitaires :<\/strong><\/span><br data-start=\"4655\" data-end=\"4658\">Ce sont ceux qui, trait\u00e9s par nous ou par des tiers, nous permettent de g\u00e9rer de la mani\u00e8re la plus efficace possible les espaces publicitaires pr\u00e9sents sur le site web, en adaptant le contenu de l\u2019annonce au contenu du service demand\u00e9 ou \u00e0 l\u2019utilisation que vous faites de notre site. Pour cela, nous pouvons analyser vos habitudes de navigation sur Internet et vous montrer des publicit\u00e9s li\u00e9es \u00e0 votre profil de navigation.<\/p>\n<h3 data-start=\"5086\" data-end=\"5156\"><strong><span style=\"font-size: 20px; color: #0067b2;\">Configuration des cookies pour les navigateurs les plus populaires<\/span><\/strong><\/h3>\n<ul data-start=\"5158\" data-end=\"7498\">\n<li data-start=\"5158\" data-end=\"5814\">\n<p data-start=\"5160\" data-end=\"5814\"><span style=\"color: #0067b2;\"><strong data-start=\"5160\" data-end=\"5179\">Google Chrome :<\/strong><\/span><br data-start=\"5179\" data-end=\"5182\">(Remarque : ces \u00e9tapes peuvent varier selon la version du navigateur) Allez dans <em data-start=\"5265\" data-end=\"5277\">Param\u00e8tres<\/em> ou <em data-start=\"5281\" data-end=\"5294\">Pr\u00e9f\u00e9rences<\/em> via le menu <em data-start=\"5307\" data-end=\"5316\">Fichier<\/em> ou en cliquant sur l\u2019ic\u00f4ne de personnalisation en haut \u00e0 droite. Cliquez sur <em data-start=\"5394\" data-end=\"5427\">Afficher les param\u00e8tres avanc\u00e9s<\/em>. Allez dans <em data-start=\"5440\" data-end=\"5457\">Confidentialit\u00e9<\/em>, puis <em data-start=\"5464\" data-end=\"5487\">Param\u00e8tres de contenu<\/em>. S\u00e9lectionnez <em data-start=\"5502\" data-end=\"5541\">Toutes les cookies et donn\u00e9es de site<\/em>. Une liste de tous les cookies class\u00e9s par domaine appara\u00eetra. Pour trouver plus facilement les cookies d\u2019un domaine sp\u00e9cifique, saisissez partiellement ou totalement l\u2019adresse dans le champ <em data-start=\"5733\" data-end=\"5757\">Rechercher des cookies<\/em>. S\u00e9lectionnez-les et cliquez sur <em data-start=\"5791\" data-end=\"5794\">X<\/em> pour les supprimer.<\/p>\n<\/li>\n<li data-start=\"5816\" data-end=\"6064\">\n<p data-start=\"5818\" data-end=\"6064\"><span style=\"color: #0067b2;\"><strong data-start=\"5818\" data-end=\"5841\">Internet Explorer :<\/strong><\/span><br data-start=\"5841\" data-end=\"5844\">(Remarque : ces \u00e9tapes peuvent varier selon la version du navigateur) Allez dans <em data-start=\"5927\" data-end=\"5935\">Outils<\/em>, puis <em data-start=\"5942\" data-end=\"5960\">Options Internet<\/em>. Cliquez sur <em data-start=\"5974\" data-end=\"5991\">Confidentialit\u00e9<\/em>. D\u00e9placez le curseur pour ajuster le niveau de confidentialit\u00e9 souhait\u00e9.<\/p>\n<\/li>\n<li data-start=\"6066\" data-end=\"6457\">\n<p data-start=\"6068\" data-end=\"6457\"><span style=\"color: #0067b2;\"><strong data-start=\"6068\" data-end=\"6089\">Mozilla Firefox :<\/strong><\/span><br data-start=\"6089\" data-end=\"6092\">(Remarque : ces \u00e9tapes peuvent varier selon la version du navigateur) Allez dans <em data-start=\"6175\" data-end=\"6184\">Options<\/em> ou <em data-start=\"6188\" data-end=\"6201\">Pr\u00e9f\u00e9rences<\/em> selon votre syst\u00e8me d\u2019exploitation. Cliquez sur <em data-start=\"6250\" data-end=\"6262\">Vie priv\u00e9e<\/em>. Sous <em data-start=\"6269\" data-end=\"6281\">Historique<\/em>, choisissez <em data-start=\"6294\" data-end=\"6351\">Utiliser des param\u00e8tres personnalis\u00e9s pour l\u2019historique<\/em>. Vous verrez l\u2019option <em data-start=\"6374\" data-end=\"6396\">Accepter les cookies<\/em> que vous pouvez activer ou d\u00e9sactiver selon vos pr\u00e9f\u00e9rences.<\/p>\n<\/li>\n<li data-start=\"6459\" data-end=\"6705\">\n<p data-start=\"6461\" data-end=\"6705\"><span style=\"color: #0067b2;\"><strong data-start=\"6461\" data-end=\"6484\">Safari pour macOS :<\/strong><\/span><br data-start=\"6484\" data-end=\"6487\">(Remarque : ces \u00e9tapes peuvent varier selon la version du navigateur) Allez dans <em data-start=\"6570\" data-end=\"6583\">Pr\u00e9f\u00e9rences<\/em>, puis <em data-start=\"6590\" data-end=\"6607\">Confidentialit\u00e9<\/em>. Vous y verrez l\u2019option <em data-start=\"6632\" data-end=\"6653\">Bloquer les cookies<\/em> o\u00f9 vous pouvez ajuster le type de blocage souhait\u00e9.<\/p>\n<\/li>\n<li data-start=\"6707\" data-end=\"6959\">\n<p data-start=\"6709\" data-end=\"6959\"><span style=\"color: #0067b2;\"><strong data-start=\"6709\" data-end=\"6730\">Safari pour iOS :<\/strong><\/span><br data-start=\"6730\" data-end=\"6733\">(Remarque : ces \u00e9tapes peuvent varier selon la version du navigateur) Allez dans <em data-start=\"6816\" data-end=\"6826\">R\u00e9glages<\/em>, puis <em data-start=\"6833\" data-end=\"6841\">Safari<\/em>. Allez dans <em data-start=\"6854\" data-end=\"6883\">Confidentialit\u00e9 et s\u00e9curit\u00e9<\/em> o\u00f9 vous verrez l\u2019option <em data-start=\"6908\" data-end=\"6929\">Bloquer les cookies<\/em> pour ajuster vos pr\u00e9f\u00e9rences.<\/p>\n<\/li>\n<li data-start=\"6961\" data-end=\"7252\">\n<p data-start=\"6963\" data-end=\"7252\"><span style=\"color: #0067b2;\"><strong data-start=\"6963\" data-end=\"6987\">Navigateur Android :<\/strong><\/span><br data-start=\"6987\" data-end=\"6990\">(Remarque : ces \u00e9tapes peuvent varier selon la version du navigateur) Ouvrez le navigateur et appuyez sur <em data-start=\"7098\" data-end=\"7104\">Menu<\/em>, puis <em data-start=\"7111\" data-end=\"7123\">Param\u00e8tres<\/em>. Allez dans <em data-start=\"7136\" data-end=\"7165\">S\u00e9curit\u00e9 et confidentialit\u00e9<\/em>, o\u00f9 vous verrez l\u2019option <em data-start=\"7191\" data-end=\"7213\">Accepter les cookies<\/em> que vous pouvez activer ou d\u00e9sactiver.<\/p>\n<\/li>\n<li data-start=\"7254\" data-end=\"7498\">\n<p data-start=\"7256\" data-end=\"7498\"><span style=\"color: #0067b2;\"><strong data-start=\"7256\" data-end=\"7286\">Navigateur Windows Phone :<\/strong><\/span><br data-start=\"7286\" data-end=\"7289\">(Remarque : ces \u00e9tapes peuvent varier selon la version du navigateur) Ouvrez <em data-start=\"7368\" data-end=\"7387\">Internet Explorer<\/em>, puis <em data-start=\"7394\" data-end=\"7400\">Plus<\/em>, puis <em data-start=\"7407\" data-end=\"7419\">Param\u00e8tres<\/em>. Vous pouvez maintenant activer ou d\u00e9sactiver la case <em data-start=\"7474\" data-end=\"7497\">Autoriser les cookies<\/em>.<\/p>\n<\/li>\n<\/ul>\n<p>&nbsp;<\/p>\n<p>[\/vc_column_text][\/vc_column][\/vc_row]<\/p>\n<!-- \/wp:post-content --><\/div>","protected":false},"excerpt":{"rendered":"<p>[vc_row][vc_column][vc_column_text css=\u00a0\u00bb\u00a0\u00bb] Politique de Cookies La Politique de Cookies fait partie &#8230; <\/p>\n","protected":false},"author":1,"featured_media":0,"parent":0,"menu_order":0,"comment_status":"closed","ping_status":"open","template":"","meta":{"footnotes":""},"class_list":["post-1301","page","type-page","status-publish","hentry"],"yoast_head":"<!-- This site is optimized with the Yoast SEO plugin v26.2 - https:\/\/yoast.com\/wordpress\/plugins\/seo\/ -->\n<title>Pol\u00edtica de cookies FRA - Soytuexportmanager<\/title>\n<meta name=\"robots\" content=\"index, follow, max-snippet:-1, max-image-preview:large, max-video-preview:-1\" \/>\n<link rel=\"canonical\" href=\"https:\/\/soytuexportmanager.com\/fr\/politica-de-cookies-fra\/\" \/>\n<meta property=\"og:locale\" content=\"fr_FR\" \/>\n<meta property=\"og:type\" content=\"article\" \/>\n<meta property=\"og:title\" content=\"Pol\u00edtica de cookies FRA - Soytuexportmanager\" \/>\n<meta property=\"og:description\" content=\"[vc_row][vc_column][vc_column_text css=\u00a0\u00bb\u00a0\u00bb] Politique de Cookies La Politique de Cookies fait partie ...\" \/>\n<meta property=\"og:url\" content=\"https:\/\/soytuexportmanager.com\/fr\/politica-de-cookies-fra\/\" \/>\n<meta property=\"og:site_name\" content=\"Soytuexportmanager\" \/>\n<meta property=\"article:publisher\" content=\"https:\/\/www.facebook.com\/profile.php?id=61582785307922\" \/>\n<meta property=\"article:modified_time\" content=\"2025-10-28T15:02:08+00:00\" \/>\n<meta name=\"twitter:card\" content=\"summary_large_image\" \/>\n<meta name=\"twitter:label1\" content=\"Dur\u00e9e de lecture estim\u00e9e\" \/>\n\t<meta name=\"twitter:data1\" content=\"3 minutes\" \/>\n<script type=\"application\/ld+json\" class=\"yoast-schema-graph\">{\"@context\":\"https:\/\/schema.org\",\"@graph\":[{\"@type\":\"WebPage\",\"@id\":\"https:\/\/soytuexportmanager.com\/fr\/politica-de-cookies-fra\/\",\"url\":\"https:\/\/soytuexportmanager.com\/fr\/politica-de-cookies-fra\/\",\"name\":\"Pol\u00edtica de cookies FRA - Soytuexportmanager\",\"isPartOf\":{\"@id\":\"https:\/\/soytuexportmanager.com\/#website\"},\"datePublished\":\"2025-10-25T21:00:51+00:00\",\"dateModified\":\"2025-10-28T15:02:08+00:00\",\"breadcrumb\":{\"@id\":\"https:\/\/soytuexportmanager.com\/fr\/politica-de-cookies-fra\/#breadcrumb\"},\"inLanguage\":\"fr-FR\",\"potentialAction\":[{\"@type\":\"ReadAction\",\"target\":[\"https:\/\/soytuexportmanager.com\/fr\/politica-de-cookies-fra\/\"]}]},{\"@type\":\"BreadcrumbList\",\"@id\":\"https:\/\/soytuexportmanager.com\/fr\/politica-de-cookies-fra\/#breadcrumb\",\"itemListElement\":[{\"@type\":\"ListItem\",\"position\":1,\"name\":\"Portada\",\"item\":\"https:\/\/soytuexportmanager.com\/fr\/\"},{\"@type\":\"ListItem\",\"position\":2,\"name\":\"Pol\u00edtica de cookies FRA\"}]},{\"@type\":\"WebSite\",\"@id\":\"https:\/\/soytuexportmanager.com\/#website\",\"url\":\"https:\/\/soytuexportmanager.com\/\",\"name\":\"Soytuexportmanager\",\"description\":\"Especialistas en mercados emergentes\",\"publisher\":{\"@id\":\"https:\/\/soytuexportmanager.com\/#organization\"},\"potentialAction\":[{\"@type\":\"SearchAction\",\"target\":{\"@type\":\"EntryPoint\",\"urlTemplate\":\"https:\/\/soytuexportmanager.com\/?s={search_term_string}\"},\"query-input\":{\"@type\":\"PropertyValueSpecification\",\"valueRequired\":true,\"valueName\":\"search_term_string\"}}],\"inLanguage\":\"fr-FR\"},{\"@type\":\"Organization\",\"@id\":\"https:\/\/soytuexportmanager.com\/#organization\",\"name\":\"Soytuexportmanager\",\"url\":\"https:\/\/soytuexportmanager.com\/\",\"logo\":{\"@type\":\"ImageObject\",\"inLanguage\":\"fr-FR\",\"@id\":\"https:\/\/soytuexportmanager.com\/#\/schema\/logo\/image\/\",\"url\":\"https:\/\/soytuexportmanager.com\/wp-content\/uploads\/2025\/10\/cropped-Favicon.png\",\"contentUrl\":\"https:\/\/soytuexportmanager.com\/wp-content\/uploads\/2025\/10\/cropped-Favicon.png\",\"width\":512,\"height\":512,\"caption\":\"Soytuexportmanager\"},\"image\":{\"@id\":\"https:\/\/soytuexportmanager.com\/#\/schema\/logo\/image\/\"},\"sameAs\":[\"https:\/\/www.facebook.com\/profile.php?id=61582785307922\",\"https:\/\/www.instagram.com\/soytuexportmanager\/\",\"https:\/\/www.linkedin.com\/company\/soytuexportmanager\"]}]}<\/script>\n<!-- \/ Yoast SEO plugin. -->","yoast_head_json":{"title":"Pol\u00edtica de cookies FRA - Soytuexportmanager","robots":{"index":"index","follow":"follow","max-snippet":"max-snippet:-1","max-image-preview":"max-image-preview:large","max-video-preview":"max-video-preview:-1"},"canonical":"https:\/\/soytuexportmanager.com\/fr\/politica-de-cookies-fra\/","og_locale":"fr_FR","og_type":"article","og_title":"Pol\u00edtica de cookies FRA - Soytuexportmanager","og_description":"[vc_row][vc_column][vc_column_text css=\u00a0\u00bb\u00a0\u00bb] Politique de Cookies La Politique de Cookies fait partie ...","og_url":"https:\/\/soytuexportmanager.com\/fr\/politica-de-cookies-fra\/","og_site_name":"Soytuexportmanager","article_publisher":"https:\/\/www.facebook.com\/profile.php?id=61582785307922","article_modified_time":"2025-10-28T15:02:08+00:00","twitter_card":"summary_large_image","twitter_misc":{"Dur\u00e9e de lecture estim\u00e9e":"3 minutes"},"schema":{"@context":"https:\/\/schema.org","@graph":[{"@type":"WebPage","@id":"https:\/\/soytuexportmanager.com\/fr\/politica-de-cookies-fra\/","url":"https:\/\/soytuexportmanager.com\/fr\/politica-de-cookies-fra\/","name":"Pol\u00edtica de cookies FRA - Soytuexportmanager","isPartOf":{"@id":"https:\/\/soytuexportmanager.com\/#website"},"datePublished":"2025-10-25T21:00:51+00:00","dateModified":"2025-10-28T15:02:08+00:00","breadcrumb":{"@id":"https:\/\/soytuexportmanager.com\/fr\/politica-de-cookies-fra\/#breadcrumb"},"inLanguage":"fr-FR","potentialAction":[{"@type":"ReadAction","target":["https:\/\/soytuexportmanager.com\/fr\/politica-de-cookies-fra\/"]}]},{"@type":"BreadcrumbList","@id":"https:\/\/soytuexportmanager.com\/fr\/politica-de-cookies-fra\/#breadcrumb","itemListElement":[{"@type":"ListItem","position":1,"name":"Portada","item":"https:\/\/soytuexportmanager.com\/fr\/"},{"@type":"ListItem","position":2,"name":"Pol\u00edtica de cookies FRA"}]},{"@type":"WebSite","@id":"https:\/\/soytuexportmanager.com\/#website","url":"https:\/\/soytuexportmanager.com\/","name":"Soytuexportmanager","description":"Especialistas en mercados emergentes","publisher":{"@id":"https:\/\/soytuexportmanager.com\/#organization"},"potentialAction":[{"@type":"SearchAction","target":{"@type":"EntryPoint","urlTemplate":"https:\/\/soytuexportmanager.com\/?s={search_term_string}"},"query-input":{"@type":"PropertyValueSpecification","valueRequired":true,"valueName":"search_term_string"}}],"inLanguage":"fr-FR"},{"@type":"Organization","@id":"https:\/\/soytuexportmanager.com\/#organization","name":"Soytuexportmanager","url":"https:\/\/soytuexportmanager.com\/","logo":{"@type":"ImageObject","inLanguage":"fr-FR","@id":"https:\/\/soytuexportmanager.com\/#\/schema\/logo\/image\/","url":"https:\/\/soytuexportmanager.com\/wp-content\/uploads\/2025\/10\/cropped-Favicon.png","contentUrl":"https:\/\/soytuexportmanager.com\/wp-content\/uploads\/2025\/10\/cropped-Favicon.png","width":512,"height":512,"caption":"Soytuexportmanager"},"image":{"@id":"https:\/\/soytuexportmanager.com\/#\/schema\/logo\/image\/"},"sameAs":["https:\/\/www.facebook.com\/profile.php?id=61582785307922","https:\/\/www.instagram.com\/soytuexportmanager\/","https:\/\/www.linkedin.com\/company\/soytuexportmanager"]}]}},"_links":{"self":[{"href":"https:\/\/soytuexportmanager.com\/fr\/wp-json\/wp\/v2\/pages\/1301","targetHints":{"allow":["GET"]}}],"collection":[{"href":"https:\/\/soytuexportmanager.com\/fr\/wp-json\/wp\/v2\/pages"}],"about":[{"href":"https:\/\/soytuexportmanager.com\/fr\/wp-json\/wp\/v2\/types\/page"}],"author":[{"embeddable":true,"href":"https:\/\/soytuexportmanager.com\/fr\/wp-json\/wp\/v2\/users\/1"}],"replies":[{"embeddable":true,"href":"https:\/\/soytuexportmanager.com\/fr\/wp-json\/wp\/v2\/comments?post=1301"}],"version-history":[{"count":2,"href":"https:\/\/soytuexportmanager.com\/fr\/wp-json\/wp\/v2\/pages\/1301\/revisions"}],"predecessor-version":[{"id":1441,"href":"https:\/\/soytuexportmanager.com\/fr\/wp-json\/wp\/v2\/pages\/1301\/revisions\/1441"}],"wp:attachment":[{"href":"https:\/\/soytuexportmanager.com\/fr\/wp-json\/wp\/v2\/media?parent=1301"}],"curies":[{"name":"wp","href":"https:\/\/api.w.org\/{rel}","templated":true}]}}