{"id":1309,"date":"2025-10-25T23:03:19","date_gmt":"2025-10-25T21:03:19","guid":{"rendered":"https:\/\/soytuexportmanager.com\/?page_id=1309"},"modified":"2025-10-28T16:46:29","modified_gmt":"2025-10-28T15:46:29","slug":"aviso-legal-fra","status":"publish","type":"page","link":"https:\/\/soytuexportmanager.com\/fr\/aviso-legal-fra\/","title":{"rendered":"Aviso Legal FRA"},"content":{"rendered":"<div class=\"wpb-content-wrapper\"><p>[vc_row][vc_column][vc_column_text css=\u00a0\u00bb\u00a0\u00bb]<\/p>\n<h3 data-start=\"2975\" data-end=\"3003\"><strong><span style=\"font-size: 22px; color: #0067b2;\">Informations g\u00e9n\u00e9rales<\/span><\/strong><\/h3>\n<p data-start=\"3005\" data-end=\"3238\">Conform\u00e9ment au devoir d\u2019information \u00e9tabli par la Loi 34\/2002 du 11 juillet sur les Services de la Soci\u00e9t\u00e9 de l\u2019Information et le Commerce \u00c9lectronique, les informations g\u00e9n\u00e9rales suivantes relatives \u00e0 ce site web sont indiqu\u00e9es :<\/p>\n<p data-start=\"3240\" data-end=\"3391\"><span style=\"color: #0067b2;\"><strong data-start=\"3240\" data-end=\"3253\">IBC SPAIN<\/strong><\/span><br data-start=\"3253\" data-end=\"3256\">CALLE RUIZ DE ALDA, 12, 1D, 35007, LAS PALMAS DE GRAN CANARIA<br data-start=\"3317\" data-end=\"3320\">T\u00e9l\u00e9phone : +34 928 23 28 47<br data-start=\"3348\" data-end=\"3351\">Courriel : <a class=\"decorated-link cursor-pointer\" rel=\"noopener\" data-start=\"3362\" data-end=\"3389\">info@soytuexportmanager.com<\/a><\/p>\n<h3 data-start=\"3398\" data-end=\"3438\"><span style=\"color: #0067b2;\"><strong>Conditions g\u00e9n\u00e9rales d\u2019utilisation<\/strong><\/span><\/h3>\n<p data-start=\"3440\" data-end=\"3771\">L\u2019acc\u00e8s et l\u2019utilisation de ce site web conf\u00e8rent \u00e0 l\u2019internaute la qualit\u00e9 d\u2019utilisateur. Cela implique que l\u2019utilisateur accepte les conditions d\u2019utilisation en vigueur \u00e0 tout moment et s\u2019engage \u00e0 faire un usage appropri\u00e9 du contenu du site, en respectant strictement les dispositions du pr\u00e9sent avis et des normes applicables.<\/p>\n<p data-start=\"3773\" data-end=\"4944\">L\u2019utilisateur s\u2019engage \u00e9galement \u00e0 :<br data-start=\"3809\" data-end=\"3812\">\u2022 Fournir des informations v\u00e9ridiques lors de l\u2019inscription et \u00e0 les maintenir \u00e0 jour ;<br data-start=\"3899\" data-end=\"3902\">\u2022 Ne pas diffuser de contenus contraires \u00e0 la loi, \u00e0 la dignit\u00e9 humaine, discriminatoires en raison de la naissance, de la race, du sexe, de la religion, des opinions ou de toute autre condition ou circonstance personnelle ou sociale ; ou qui, d\u2019une mani\u00e8re ou d\u2019une autre, enfreignent la loi et l\u2019ordre public ;<br data-start=\"4214\" data-end=\"4217\">\u2022 <span style=\"color: #0067b2;\"><strong data-start=\"4219\" data-end=\"4244\">SOY TU EXPORT MANAGER<\/strong><\/span> se r\u00e9serve le droit d\u2019apporter les modifications qu\u2019elle juge opportunes, en ajoutant, modifiant ou supprimant des contenus ou services propos\u00e9s sur le site web ; ainsi que de retirer toute contribution ou commentaire contrevenant aux r\u00e8gles susmentionn\u00e9es.<br data-start=\"4502\" data-end=\"4505\">\u2022 <span style=\"color: #0067b2;\"><strong data-start=\"4507\" data-end=\"4532\">SOY TU EXPORT MANAGER<\/strong> <\/span>ne sera en aucun cas responsable des opinions exprim\u00e9es par les utilisateurs au moyen des outils de participation mis \u00e0 leur disposition sur le site.<br data-start=\"4682\" data-end=\"4685\">\u2022 L\u2019acc\u00e8s au site web est libre et gratuit pour l\u2019utilisateur dans toutes ses sections et contenus.<br data-start=\"4784\" data-end=\"4787\">\u2022 L\u2019utilisateur d\u00e9clare, sous sa propre responsabilit\u00e9, \u00eatre majeur et disposer de la capacit\u00e9 juridique suffisante pour accepter les pr\u00e9sentes conditions.<\/p>\n<h3 data-start=\"4951\" data-end=\"4975\"><strong><span style=\"font-size: 20px; color: #0067b2;\">Politique de liens<\/span><\/strong><\/h3>\n<p data-start=\"4977\" data-end=\"5317\">Ce site web peut contenir des liens vers d\u2019autres sites poss\u00e9dant des politiques de confidentialit\u00e9 diff\u00e9rentes. <span style=\"color: #0067b2;\"><strong data-start=\"5090\" data-end=\"5115\">SOY TU EXPORT MANAGER<\/strong> <\/span>n\u2019est pas responsable du contenu ni des pratiques des sites li\u00e9s et recommande aux utilisateurs de lire attentivement la politique de confidentialit\u00e9 de tout site auquel ils acc\u00e8dent depuis celui-ci.<\/p>\n<h3 data-start=\"5324\" data-end=\"5370\"><strong><span style=\"color: #0067b2; font-size: 20px;\">Propri\u00e9t\u00e9 intellectuelle et industrielle<\/span><\/strong><\/h3>\n<p data-start=\"5372\" data-end=\"5733\">Les droits de propri\u00e9t\u00e9 intellectuelle et industrielle, ainsi que les droits d\u2019exploitation et de reproduction de ce site web (pages, \u00e9crans, informations, apparence, structure, design, code source, fichiers audio et logiciels, ainsi que les liens) appartiennent \u00e0, ont \u00e9t\u00e9 c\u00e9d\u00e9s \u00e0 ou sont sous licence de <span style=\"color: #0067b2;\"><strong data-start=\"5678\" data-end=\"5703\">SOY TU EXPORT MANAGER<\/strong><\/span>, sauf indication contraire.<\/p>\n<p data-start=\"5735\" data-end=\"5939\">La d\u00e9nomination, le design et les logos composant ce site web sont des marques d\u00fbment enregistr\u00e9es. Toute utilisation abusive pourra faire l\u2019objet de poursuites conform\u00e9ment \u00e0 la l\u00e9gislation en vigueur.<\/p>\n<p data-start=\"5941\" data-end=\"6108\">Les droits de propri\u00e9t\u00e9 intellectuelle et les marques appartenant \u00e0 des tiers sont clairement indiqu\u00e9s, et l\u2019utilisateur doit en respecter l\u2019usage dans tous les cas.<\/p>\n<p>&nbsp;<\/p>\n<p>&nbsp;<\/p>\n<p>[\/vc_column_text][\/vc_column][\/vc_row]<\/p>\n<!-- \/wp:post-content --><\/div>","protected":false},"excerpt":{"rendered":"<p>[vc_row][vc_column][vc_column_text css=\u00a0\u00bb\u00a0\u00bb] Informations g\u00e9n\u00e9rales Conform\u00e9ment au devoir d\u2019information \u00e9tabli par la &#8230; <\/p>\n","protected":false},"author":1,"featured_media":0,"parent":0,"menu_order":0,"comment_status":"closed","ping_status":"open","template":"","meta":{"footnotes":""},"class_list":["post-1309","page","type-page","status-publish","hentry"],"yoast_head":"<!-- This site is optimized with the Yoast SEO plugin v26.2 - https:\/\/yoast.com\/wordpress\/plugins\/seo\/ -->\n<title>Aviso Legal FRA - Soytuexportmanager<\/title>\n<meta name=\"robots\" content=\"index, follow, max-snippet:-1, max-image-preview:large, max-video-preview:-1\" \/>\n<link rel=\"canonical\" href=\"https:\/\/soytuexportmanager.com\/aviso-legal\/\" \/>\n<meta property=\"og:locale\" content=\"fr_FR\" \/>\n<meta property=\"og:type\" content=\"article\" \/>\n<meta property=\"og:title\" content=\"Aviso Legal FRA - Soytuexportmanager\" \/>\n<meta property=\"og:description\" content=\"[vc_row][vc_column][vc_column_text css=\u00a0\u00bb\u00a0\u00bb] Informations g\u00e9n\u00e9rales Conform\u00e9ment au devoir d\u2019information \u00e9tabli par la ...\" \/>\n<meta property=\"og:url\" content=\"https:\/\/soytuexportmanager.com\/aviso-legal\/\" \/>\n<meta property=\"og:site_name\" content=\"Soytuexportmanager\" \/>\n<meta property=\"article:publisher\" content=\"https:\/\/www.facebook.com\/profile.php?id=61582785307922\" \/>\n<meta property=\"article:modified_time\" content=\"2025-10-28T15:46:29+00:00\" \/>\n<meta name=\"twitter:card\" content=\"summary_large_image\" \/>\n<meta name=\"twitter:label1\" content=\"Dur\u00e9e de lecture estim\u00e9e\" \/>\n\t<meta name=\"twitter:data1\" content=\"3 minutes\" \/>\n<script type=\"application\/ld+json\" class=\"yoast-schema-graph\">{\"@context\":\"https:\/\/schema.org\",\"@graph\":[{\"@type\":\"WebPage\",\"@id\":\"https:\/\/soytuexportmanager.com\/aviso-legal\/\",\"url\":\"https:\/\/soytuexportmanager.com\/aviso-legal\/\",\"name\":\"Aviso Legal FRA - Soytuexportmanager\",\"isPartOf\":{\"@id\":\"https:\/\/soytuexportmanager.com\/#website\"},\"datePublished\":\"2025-10-25T21:03:19+00:00\",\"dateModified\":\"2025-10-28T15:46:29+00:00\",\"breadcrumb\":{\"@id\":\"https:\/\/soytuexportmanager.com\/aviso-legal\/#breadcrumb\"},\"inLanguage\":\"fr-FR\",\"potentialAction\":[{\"@type\":\"ReadAction\",\"target\":[\"https:\/\/soytuexportmanager.com\/aviso-legal\/\"]}]},{\"@type\":\"BreadcrumbList\",\"@id\":\"https:\/\/soytuexportmanager.com\/aviso-legal\/#breadcrumb\",\"itemListElement\":[{\"@type\":\"ListItem\",\"position\":1,\"name\":\"Portada\",\"item\":\"https:\/\/soytuexportmanager.com\/fr\/\"},{\"@type\":\"ListItem\",\"position\":2,\"name\":\"Aviso Legal FRA\"}]},{\"@type\":\"WebSite\",\"@id\":\"https:\/\/soytuexportmanager.com\/#website\",\"url\":\"https:\/\/soytuexportmanager.com\/\",\"name\":\"Soytuexportmanager\",\"description\":\"Especialistas en mercados emergentes\",\"publisher\":{\"@id\":\"https:\/\/soytuexportmanager.com\/#organization\"},\"potentialAction\":[{\"@type\":\"SearchAction\",\"target\":{\"@type\":\"EntryPoint\",\"urlTemplate\":\"https:\/\/soytuexportmanager.com\/?s={search_term_string}\"},\"query-input\":{\"@type\":\"PropertyValueSpecification\",\"valueRequired\":true,\"valueName\":\"search_term_string\"}}],\"inLanguage\":\"fr-FR\"},{\"@type\":\"Organization\",\"@id\":\"https:\/\/soytuexportmanager.com\/#organization\",\"name\":\"Soytuexportmanager\",\"url\":\"https:\/\/soytuexportmanager.com\/\",\"logo\":{\"@type\":\"ImageObject\",\"inLanguage\":\"fr-FR\",\"@id\":\"https:\/\/soytuexportmanager.com\/#\/schema\/logo\/image\/\",\"url\":\"https:\/\/soytuexportmanager.com\/wp-content\/uploads\/2025\/10\/cropped-Favicon.png\",\"contentUrl\":\"https:\/\/soytuexportmanager.com\/wp-content\/uploads\/2025\/10\/cropped-Favicon.png\",\"width\":512,\"height\":512,\"caption\":\"Soytuexportmanager\"},\"image\":{\"@id\":\"https:\/\/soytuexportmanager.com\/#\/schema\/logo\/image\/\"},\"sameAs\":[\"https:\/\/www.facebook.com\/profile.php?id=61582785307922\",\"https:\/\/www.instagram.com\/soytuexportmanager\/\",\"https:\/\/www.linkedin.com\/company\/soytuexportmanager\"]}]}<\/script>\n<!-- \/ Yoast SEO plugin. -->","yoast_head_json":{"title":"Aviso Legal FRA - Soytuexportmanager","robots":{"index":"index","follow":"follow","max-snippet":"max-snippet:-1","max-image-preview":"max-image-preview:large","max-video-preview":"max-video-preview:-1"},"canonical":"https:\/\/soytuexportmanager.com\/aviso-legal\/","og_locale":"fr_FR","og_type":"article","og_title":"Aviso Legal FRA - Soytuexportmanager","og_description":"[vc_row][vc_column][vc_column_text css=\u00a0\u00bb\u00a0\u00bb] Informations g\u00e9n\u00e9rales Conform\u00e9ment au devoir d\u2019information \u00e9tabli par la ...","og_url":"https:\/\/soytuexportmanager.com\/aviso-legal\/","og_site_name":"Soytuexportmanager","article_publisher":"https:\/\/www.facebook.com\/profile.php?id=61582785307922","article_modified_time":"2025-10-28T15:46:29+00:00","twitter_card":"summary_large_image","twitter_misc":{"Dur\u00e9e de lecture estim\u00e9e":"3 minutes"},"schema":{"@context":"https:\/\/schema.org","@graph":[{"@type":"WebPage","@id":"https:\/\/soytuexportmanager.com\/aviso-legal\/","url":"https:\/\/soytuexportmanager.com\/aviso-legal\/","name":"Aviso Legal FRA - Soytuexportmanager","isPartOf":{"@id":"https:\/\/soytuexportmanager.com\/#website"},"datePublished":"2025-10-25T21:03:19+00:00","dateModified":"2025-10-28T15:46:29+00:00","breadcrumb":{"@id":"https:\/\/soytuexportmanager.com\/aviso-legal\/#breadcrumb"},"inLanguage":"fr-FR","potentialAction":[{"@type":"ReadAction","target":["https:\/\/soytuexportmanager.com\/aviso-legal\/"]}]},{"@type":"BreadcrumbList","@id":"https:\/\/soytuexportmanager.com\/aviso-legal\/#breadcrumb","itemListElement":[{"@type":"ListItem","position":1,"name":"Portada","item":"https:\/\/soytuexportmanager.com\/fr\/"},{"@type":"ListItem","position":2,"name":"Aviso Legal FRA"}]},{"@type":"WebSite","@id":"https:\/\/soytuexportmanager.com\/#website","url":"https:\/\/soytuexportmanager.com\/","name":"Soytuexportmanager","description":"Especialistas en mercados emergentes","publisher":{"@id":"https:\/\/soytuexportmanager.com\/#organization"},"potentialAction":[{"@type":"SearchAction","target":{"@type":"EntryPoint","urlTemplate":"https:\/\/soytuexportmanager.com\/?s={search_term_string}"},"query-input":{"@type":"PropertyValueSpecification","valueRequired":true,"valueName":"search_term_string"}}],"inLanguage":"fr-FR"},{"@type":"Organization","@id":"https:\/\/soytuexportmanager.com\/#organization","name":"Soytuexportmanager","url":"https:\/\/soytuexportmanager.com\/","logo":{"@type":"ImageObject","inLanguage":"fr-FR","@id":"https:\/\/soytuexportmanager.com\/#\/schema\/logo\/image\/","url":"https:\/\/soytuexportmanager.com\/wp-content\/uploads\/2025\/10\/cropped-Favicon.png","contentUrl":"https:\/\/soytuexportmanager.com\/wp-content\/uploads\/2025\/10\/cropped-Favicon.png","width":512,"height":512,"caption":"Soytuexportmanager"},"image":{"@id":"https:\/\/soytuexportmanager.com\/#\/schema\/logo\/image\/"},"sameAs":["https:\/\/www.facebook.com\/profile.php?id=61582785307922","https:\/\/www.instagram.com\/soytuexportmanager\/","https:\/\/www.linkedin.com\/company\/soytuexportmanager"]}]}},"_links":{"self":[{"href":"https:\/\/soytuexportmanager.com\/fr\/wp-json\/wp\/v2\/pages\/1309","targetHints":{"allow":["GET"]}}],"collection":[{"href":"https:\/\/soytuexportmanager.com\/fr\/wp-json\/wp\/v2\/pages"}],"about":[{"href":"https:\/\/soytuexportmanager.com\/fr\/wp-json\/wp\/v2\/types\/page"}],"author":[{"embeddable":true,"href":"https:\/\/soytuexportmanager.com\/fr\/wp-json\/wp\/v2\/users\/1"}],"replies":[{"embeddable":true,"href":"https:\/\/soytuexportmanager.com\/fr\/wp-json\/wp\/v2\/comments?post=1309"}],"version-history":[{"count":2,"href":"https:\/\/soytuexportmanager.com\/fr\/wp-json\/wp\/v2\/pages\/1309\/revisions"}],"predecessor-version":[{"id":1458,"href":"https:\/\/soytuexportmanager.com\/fr\/wp-json\/wp\/v2\/pages\/1309\/revisions\/1458"}],"wp:attachment":[{"href":"https:\/\/soytuexportmanager.com\/fr\/wp-json\/wp\/v2\/media?parent=1309"}],"curies":[{"name":"wp","href":"https:\/\/api.w.org\/{rel}","templated":true}]}}